{"id":11154,"date":"2025-03-20T16:40:42","date_gmt":"2025-03-20T16:40:42","guid":{"rendered":"https:\/\/eurotech.ar\/herramientas\/producto\/puesta-a-punto-renault-k4m-k4j-f4p-f4r\/"},"modified":"2025-07-03T09:07:38","modified_gmt":"2025-07-03T12:07:38","slug":"puesta-a-punto-renault-k4m-k4j-f4p-f4r","status":"publish","type":"product","link":"https:\/\/eurotech.ar\/herramientas\/producto\/puesta-a-punto-renault-k4m-k4j-f4p-f4r\/","title":{"rendered":"Puesta a punto &#8211; Renault &#8211; K4m K4j F4p F4r"},"content":{"rendered":"","protected":false},"excerpt":{"rendered":"<p>Compatible con motores K4M, K4J, F4P y F4R.<br \/>\nPara cambio de correas y puesta a punto distribuci\u00f3n modelos Clio, Megane, Scenic, Logan, Kangoo, Oroch, entre otros.<br \/>\nEl ajuste de la polea del \u00e1rbol de levas mantiene las dos poleas en su lugar mientras se cambia la correa de la leva.<br \/>\nAtornillado al centro de las levas con pernos.<br \/>\nPasador de bloqueo del cig\u00fce\u00f1al.<br \/>\nPin de temporizaci\u00f3n TDC de 5 mm.<br \/>\nHerramienta para ajustar cig\u00fce\u00f1al.<br \/>\nHerramienta para alinear polea de cig\u00fce\u00f1al.<\/p>\n","protected":false},"featured_media":10143,"template":"","meta":[],"product_brand":[],"product_cat":[432],"product_tag":[],"class_list":{"0":"post-11154","1":"product","2":"type-product","3":"status-publish","4":"has-post-thumbnail","6":"product_cat-puesta-a-punto","8":"first","9":"instock","10":"shipping-taxable","11":"product-type-simple"},"yoast_head":"<!-- This site is optimized with the Yoast SEO plugin v25.3 - https:\/\/yoast.com\/wordpress\/plugins\/seo\/ -->\n<title>Puesta a punto - Renault - K4m K4j F4p F4r - Eurotech Herramientas Argentina<\/title>\n<meta name=\"robots\" content=\"index, follow, max-snippet:-1, max-image-preview:large, max-video-preview:-1\" \/>\n<link rel=\"canonical\" href=\"https:\/\/eurotech.ar\/herramientas\/producto\/puesta-a-punto-renault-k4m-k4j-f4p-f4r\/\" \/>\n<meta property=\"og:locale\" content=\"es_ES\" \/>\n<meta property=\"og:type\" content=\"article\" \/>\n<meta property=\"og:title\" content=\"Puesta a punto - Renault - K4m K4j F4p F4r - Eurotech Herramientas Argentina\" \/>\n<meta property=\"og:description\" content=\"Compatible con motores K4M, K4J, F4P y F4R. Para cambio de correas y puesta a punto distribuci\u00f3n modelos Clio, Megane, Scenic, Logan, Kangoo, Oroch, entre otros. El ajuste de la polea del \u00e1rbol de levas mantiene las dos poleas en su lugar mientras se cambia la correa de la leva. Atornillado al centro de las levas con pernos. Pasador de bloqueo del cig\u00fce\u00f1al. Pin de temporizaci\u00f3n TDC de 5 mm. Herramienta para ajustar cig\u00fce\u00f1al. Herramienta para alinear polea de cig\u00fce\u00f1al.\" \/>\n<meta property=\"og:url\" content=\"https:\/\/eurotech.ar\/herramientas\/producto\/puesta-a-punto-renault-k4m-k4j-f4p-f4r\/\" \/>\n<meta property=\"og:site_name\" content=\"Eurotech Herramientas Argentina\" \/>\n<meta property=\"article:modified_time\" content=\"2025-07-03T12:07:38+00:00\" \/>\n<meta property=\"og:image\" content=\"https:\/\/eurotech.ar\/herramientas\/wp-content\/uploads\/2025\/02\/6324-1.jpg\" \/>\n\t<meta property=\"og:image:width\" content=\"1080\" \/>\n\t<meta property=\"og:image:height\" content=\"1080\" \/>\n\t<meta property=\"og:image:type\" content=\"image\/jpeg\" \/>\n<meta name=\"twitter:card\" content=\"summary_large_image\" \/>\n<meta name=\"twitter:label1\" content=\"Tiempo de lectura\" \/>\n\t<meta name=\"twitter:data1\" content=\"1 minuto\" \/>\n<script type=\"application\/ld+json\" class=\"yoast-schema-graph\">{\"@context\":\"https:\/\/schema.org\",\"@graph\":[{\"@type\":\"WebPage\",\"@id\":\"https:\/\/eurotech.ar\/herramientas\/producto\/puesta-a-punto-renault-k4m-k4j-f4p-f4r\/\",\"url\":\"https:\/\/eurotech.ar\/herramientas\/producto\/puesta-a-punto-renault-k4m-k4j-f4p-f4r\/\",\"name\":\"Puesta a punto - Renault - K4m K4j F4p F4r - Eurotech Herramientas Argentina\",\"isPartOf\":{\"@id\":\"https:\/\/eurotech.ar\/herramientas\/#website\"},\"primaryImageOfPage\":{\"@id\":\"https:\/\/eurotech.ar\/herramientas\/producto\/puesta-a-punto-renault-k4m-k4j-f4p-f4r\/#primaryimage\"},\"image\":{\"@id\":\"https:\/\/eurotech.ar\/herramientas\/producto\/puesta-a-punto-renault-k4m-k4j-f4p-f4r\/#primaryimage\"},\"thumbnailUrl\":\"https:\/\/eurotech.ar\/herramientas\/wp-content\/uploads\/2025\/02\/6324-1.jpg\",\"datePublished\":\"2025-03-20T16:40:42+00:00\",\"dateModified\":\"2025-07-03T12:07:38+00:00\",\"breadcrumb\":{\"@id\":\"https:\/\/eurotech.ar\/herramientas\/producto\/puesta-a-punto-renault-k4m-k4j-f4p-f4r\/#breadcrumb\"},\"inLanguage\":\"es\",\"potentialAction\":[{\"@type\":\"ReadAction\",\"target\":[\"https:\/\/eurotech.ar\/herramientas\/producto\/puesta-a-punto-renault-k4m-k4j-f4p-f4r\/\"]}]},{\"@type\":\"ImageObject\",\"inLanguage\":\"es\",\"@id\":\"https:\/\/eurotech.ar\/herramientas\/producto\/puesta-a-punto-renault-k4m-k4j-f4p-f4r\/#primaryimage\",\"url\":\"https:\/\/eurotech.ar\/herramientas\/wp-content\/uploads\/2025\/02\/6324-1.jpg\",\"contentUrl\":\"https:\/\/eurotech.ar\/herramientas\/wp-content\/uploads\/2025\/02\/6324-1.jpg\",\"width\":1080,\"height\":1080},{\"@type\":\"BreadcrumbList\",\"@id\":\"https:\/\/eurotech.ar\/herramientas\/producto\/puesta-a-punto-renault-k4m-k4j-f4p-f4r\/#breadcrumb\",\"itemListElement\":[{\"@type\":\"ListItem\",\"position\":1,\"name\":\"Portada\",\"item\":\"https:\/\/eurotech.ar\/herramientas\/\"},{\"@type\":\"ListItem\",\"position\":2,\"name\":\"new shop page\",\"item\":\"https:\/\/eurotech.ar\/herramientas\/?page_id=6998\"},{\"@type\":\"ListItem\",\"position\":3,\"name\":\"Puesta a punto &#8211; Renault &#8211; K4m K4j F4p F4r\"}]},{\"@type\":\"WebSite\",\"@id\":\"https:\/\/eurotech.ar\/herramientas\/#website\",\"url\":\"https:\/\/eurotech.ar\/herramientas\/\",\"name\":\"Eurotech Herramientas Argentina\",\"description\":\"Eurotech Herramientas AR\",\"potentialAction\":[{\"@type\":\"SearchAction\",\"target\":{\"@type\":\"EntryPoint\",\"urlTemplate\":\"https:\/\/eurotech.ar\/herramientas\/?s={search_term_string}\"},\"query-input\":{\"@type\":\"PropertyValueSpecification\",\"valueRequired\":true,\"valueName\":\"search_term_string\"}}],\"inLanguage\":\"es\"}]}<\/script>\n<!-- \/ Yoast SEO plugin. -->","yoast_head_json":{"title":"Puesta a punto - Renault - K4m K4j F4p F4r - Eurotech Herramientas Argentina","robots":{"index":"index","follow":"follow","max-snippet":"max-snippet:-1","max-image-preview":"max-image-preview:large","max-video-preview":"max-video-preview:-1"},"canonical":"https:\/\/eurotech.ar\/herramientas\/producto\/puesta-a-punto-renault-k4m-k4j-f4p-f4r\/","og_locale":"es_ES","og_type":"article","og_title":"Puesta a punto - Renault - K4m K4j F4p F4r - Eurotech Herramientas Argentina","og_description":"Compatible con motores K4M, K4J, F4P y F4R. Para cambio de correas y puesta a punto distribuci\u00f3n modelos Clio, Megane, Scenic, Logan, Kangoo, Oroch, entre otros. El ajuste de la polea del \u00e1rbol de levas mantiene las dos poleas en su lugar mientras se cambia la correa de la leva. Atornillado al centro de las levas con pernos. Pasador de bloqueo del cig\u00fce\u00f1al. Pin de temporizaci\u00f3n TDC de 5 mm. Herramienta para ajustar cig\u00fce\u00f1al. Herramienta para alinear polea de cig\u00fce\u00f1al.","og_url":"https:\/\/eurotech.ar\/herramientas\/producto\/puesta-a-punto-renault-k4m-k4j-f4p-f4r\/","og_site_name":"Eurotech Herramientas Argentina","article_modified_time":"2025-07-03T12:07:38+00:00","og_image":[{"width":1080,"height":1080,"url":"https:\/\/eurotech.ar\/herramientas\/wp-content\/uploads\/2025\/02\/6324-1.jpg","type":"image\/jpeg"}],"twitter_card":"summary_large_image","twitter_misc":{"Tiempo de lectura":"1 minuto"},"schema":{"@context":"https:\/\/schema.org","@graph":[{"@type":"WebPage","@id":"https:\/\/eurotech.ar\/herramientas\/producto\/puesta-a-punto-renault-k4m-k4j-f4p-f4r\/","url":"https:\/\/eurotech.ar\/herramientas\/producto\/puesta-a-punto-renault-k4m-k4j-f4p-f4r\/","name":"Puesta a punto - Renault - K4m K4j F4p F4r - Eurotech Herramientas Argentina","isPartOf":{"@id":"https:\/\/eurotech.ar\/herramientas\/#website"},"primaryImageOfPage":{"@id":"https:\/\/eurotech.ar\/herramientas\/producto\/puesta-a-punto-renault-k4m-k4j-f4p-f4r\/#primaryimage"},"image":{"@id":"https:\/\/eurotech.ar\/herramientas\/producto\/puesta-a-punto-renault-k4m-k4j-f4p-f4r\/#primaryimage"},"thumbnailUrl":"https:\/\/eurotech.ar\/herramientas\/wp-content\/uploads\/2025\/02\/6324-1.jpg","datePublished":"2025-03-20T16:40:42+00:00","dateModified":"2025-07-03T12:07:38+00:00","breadcrumb":{"@id":"https:\/\/eurotech.ar\/herramientas\/producto\/puesta-a-punto-renault-k4m-k4j-f4p-f4r\/#breadcrumb"},"inLanguage":"es","potentialAction":[{"@type":"ReadAction","target":["https:\/\/eurotech.ar\/herramientas\/producto\/puesta-a-punto-renault-k4m-k4j-f4p-f4r\/"]}]},{"@type":"ImageObject","inLanguage":"es","@id":"https:\/\/eurotech.ar\/herramientas\/producto\/puesta-a-punto-renault-k4m-k4j-f4p-f4r\/#primaryimage","url":"https:\/\/eurotech.ar\/herramientas\/wp-content\/uploads\/2025\/02\/6324-1.jpg","contentUrl":"https:\/\/eurotech.ar\/herramientas\/wp-content\/uploads\/2025\/02\/6324-1.jpg","width":1080,"height":1080},{"@type":"BreadcrumbList","@id":"https:\/\/eurotech.ar\/herramientas\/producto\/puesta-a-punto-renault-k4m-k4j-f4p-f4r\/#breadcrumb","itemListElement":[{"@type":"ListItem","position":1,"name":"Portada","item":"https:\/\/eurotech.ar\/herramientas\/"},{"@type":"ListItem","position":2,"name":"new shop page","item":"https:\/\/eurotech.ar\/herramientas\/?page_id=6998"},{"@type":"ListItem","position":3,"name":"Puesta a punto &#8211; Renault &#8211; K4m K4j F4p F4r"}]},{"@type":"WebSite","@id":"https:\/\/eurotech.ar\/herramientas\/#website","url":"https:\/\/eurotech.ar\/herramientas\/","name":"Eurotech Herramientas Argentina","description":"Eurotech Herramientas AR","potentialAction":[{"@type":"SearchAction","target":{"@type":"EntryPoint","urlTemplate":"https:\/\/eurotech.ar\/herramientas\/?s={search_term_string}"},"query-input":{"@type":"PropertyValueSpecification","valueRequired":true,"valueName":"search_term_string"}}],"inLanguage":"es"}]}},"_links":{"self":[{"href":"https:\/\/eurotech.ar\/herramientas\/wp-json\/wp\/v2\/product\/11154","targetHints":{"allow":["GET"]}}],"collection":[{"href":"https:\/\/eurotech.ar\/herramientas\/wp-json\/wp\/v2\/product"}],"about":[{"href":"https:\/\/eurotech.ar\/herramientas\/wp-json\/wp\/v2\/types\/product"}],"wp:featuredmedia":[{"embeddable":true,"href":"https:\/\/eurotech.ar\/herramientas\/wp-json\/wp\/v2\/media\/10143"}],"wp:attachment":[{"href":"https:\/\/eurotech.ar\/herramientas\/wp-json\/wp\/v2\/media?parent=11154"}],"wp:term":[{"taxonomy":"product_brand","embeddable":true,"href":"https:\/\/eurotech.ar\/herramientas\/wp-json\/wp\/v2\/product_brand?post=11154"},{"taxonomy":"product_cat","embeddable":true,"href":"https:\/\/eurotech.ar\/herramientas\/wp-json\/wp\/v2\/product_cat?post=11154"},{"taxonomy":"product_tag","embeddable":true,"href":"https:\/\/eurotech.ar\/herramientas\/wp-json\/wp\/v2\/product_tag?post=11154"}],"curies":[{"name":"wp","href":"https:\/\/api.w.org\/{rel}","templated":true}]}}