{"id":12152,"date":"2025-04-27T20:50:36","date_gmt":"2025-04-27T20:50:36","guid":{"rendered":"https:\/\/eurotech.ar\/herramientas\/?post_type=product&#038;p=12152"},"modified":"2025-07-03T09:08:23","modified_gmt":"2025-07-03T12:08:23","slug":"pistola-soldadora-paragolpes-plasticos-70w","status":"publish","type":"product","link":"https:\/\/eurotech.ar\/herramientas\/producto\/pistola-soldadora-paragolpes-plasticos-70w\/","title":{"rendered":"Pistola soldadora paragolpes pl\u00e1sticos &#8211; 70w"},"content":{"rendered":"","protected":false},"excerpt":{"rendered":"<p><span data-sheets-root=\"1\">Kit pistola soldadora el\u00e9ctrica para pl\u00e1sticos<br \/>\n&#8211; Ideal para soldar paragolpes, tableros, portal\u00e1mparas, radiador, spoiler, manijas y otros dispositivos de pl\u00e1stico en autom\u00f3viles y motocicletas<br \/>\n&#8211; Calentamiento r\u00e1pido en 3 segundos<br \/>\n&#8211; Mango ergon\u00f3mico con empu\u00f1adura de seguridad<br \/>\n&#8211; Luz LED integrada, facilita el trabajo en lugares confinados<br \/>\n&#8211; Voltaje: 220 V<br \/>\n&#8211; Potencia de salida: 70 W<br \/>\n&#8211; Voltaje de salida: 0-5 V<br \/>\n&#8211; Corriente de salida: 0-20A<br \/>\nIncluye:<br \/>\n&#8211; 1 pistola soldadora<br \/>\n&#8211; 1 pinza alicate<br \/>\n&#8211; 1 trincheta<br \/>\n&#8211; 50 grampas rectas<br \/>\n&#8211; 50 grampas de esquina exterior<br \/>\n&#8211; 50 grampas de esquina interior<br \/>\n&#8211; 50 grampas <em>Wave<\/em><br \/>\n&#8211; Valija organizadora<br \/>\n<\/span><\/p>\n","protected":false},"featured_media":11013,"template":"","meta":[],"product_brand":[],"product_cat":[364],"product_tag":[],"class_list":{"0":"post-12152","1":"product","2":"type-product","3":"status-publish","4":"has-post-thumbnail","6":"product_cat-para-soldar","8":"first","9":"instock","10":"shipping-taxable","11":"product-type-simple"},"yoast_head":"<!-- This site is optimized with the Yoast SEO plugin v25.3 - https:\/\/yoast.com\/wordpress\/plugins\/seo\/ -->\n<title>Pistola soldadora paragolpes pl\u00e1sticos - 70w - Eurotech Herramientas Argentina<\/title>\n<meta name=\"robots\" content=\"index, follow, max-snippet:-1, max-image-preview:large, max-video-preview:-1\" \/>\n<link rel=\"canonical\" href=\"https:\/\/eurotech.ar\/herramientas\/producto\/pistola-soldadora-paragolpes-plasticos-70w\/\" \/>\n<meta property=\"og:locale\" content=\"es_ES\" \/>\n<meta property=\"og:type\" content=\"article\" \/>\n<meta property=\"og:title\" content=\"Pistola soldadora paragolpes pl\u00e1sticos - 70w - Eurotech Herramientas Argentina\" \/>\n<meta property=\"og:description\" content=\"Kit pistola soldadora el\u00e9ctrica para pl\u00e1sticos - Ideal para soldar paragolpes, tableros, portal\u00e1mparas, radiador, spoiler, manijas y otros dispositivos de pl\u00e1stico en autom\u00f3viles y motocicletas - Calentamiento r\u00e1pido en 3 segundos - Mango ergon\u00f3mico con empu\u00f1adura de seguridad - Luz LED integrada, facilita el trabajo en lugares confinados - Voltaje: 220 V - Potencia de salida: 70 W - Voltaje de salida: 0-5 V - Corriente de salida: 0-20A Incluye: - 1 pistola soldadora - 1 pinza alicate - 1 trincheta - 50 grampas rectas - 50 grampas de esquina exterior - 50 grampas de esquina interior - 50 grampas Wave - Valija organizadora\" \/>\n<meta property=\"og:url\" content=\"https:\/\/eurotech.ar\/herramientas\/producto\/pistola-soldadora-paragolpes-plasticos-70w\/\" \/>\n<meta property=\"og:site_name\" content=\"Eurotech Herramientas Argentina\" \/>\n<meta property=\"article:modified_time\" content=\"2025-07-03T12:08:23+00:00\" \/>\n<meta property=\"og:image\" content=\"https:\/\/eurotech.ar\/herramientas\/wp-content\/uploads\/2025\/03\/6184-1.jpg\" \/>\n\t<meta property=\"og:image:width\" content=\"1080\" \/>\n\t<meta property=\"og:image:height\" content=\"1080\" \/>\n\t<meta property=\"og:image:type\" content=\"image\/jpeg\" \/>\n<meta name=\"twitter:card\" content=\"summary_large_image\" \/>\n<meta name=\"twitter:label1\" content=\"Tiempo de lectura\" \/>\n\t<meta name=\"twitter:data1\" content=\"1 minuto\" \/>\n<script type=\"application\/ld+json\" class=\"yoast-schema-graph\">{\"@context\":\"https:\/\/schema.org\",\"@graph\":[{\"@type\":\"WebPage\",\"@id\":\"https:\/\/eurotech.ar\/herramientas\/producto\/pistola-soldadora-paragolpes-plasticos-70w\/\",\"url\":\"https:\/\/eurotech.ar\/herramientas\/producto\/pistola-soldadora-paragolpes-plasticos-70w\/\",\"name\":\"Pistola soldadora paragolpes pl\u00e1sticos - 70w - Eurotech Herramientas Argentina\",\"isPartOf\":{\"@id\":\"https:\/\/eurotech.ar\/herramientas\/#website\"},\"primaryImageOfPage\":{\"@id\":\"https:\/\/eurotech.ar\/herramientas\/producto\/pistola-soldadora-paragolpes-plasticos-70w\/#primaryimage\"},\"image\":{\"@id\":\"https:\/\/eurotech.ar\/herramientas\/producto\/pistola-soldadora-paragolpes-plasticos-70w\/#primaryimage\"},\"thumbnailUrl\":\"https:\/\/eurotech.ar\/herramientas\/wp-content\/uploads\/2025\/03\/6184-1.jpg\",\"datePublished\":\"2025-04-27T20:50:36+00:00\",\"dateModified\":\"2025-07-03T12:08:23+00:00\",\"breadcrumb\":{\"@id\":\"https:\/\/eurotech.ar\/herramientas\/producto\/pistola-soldadora-paragolpes-plasticos-70w\/#breadcrumb\"},\"inLanguage\":\"es\",\"potentialAction\":[{\"@type\":\"ReadAction\",\"target\":[\"https:\/\/eurotech.ar\/herramientas\/producto\/pistola-soldadora-paragolpes-plasticos-70w\/\"]}]},{\"@type\":\"ImageObject\",\"inLanguage\":\"es\",\"@id\":\"https:\/\/eurotech.ar\/herramientas\/producto\/pistola-soldadora-paragolpes-plasticos-70w\/#primaryimage\",\"url\":\"https:\/\/eurotech.ar\/herramientas\/wp-content\/uploads\/2025\/03\/6184-1.jpg\",\"contentUrl\":\"https:\/\/eurotech.ar\/herramientas\/wp-content\/uploads\/2025\/03\/6184-1.jpg\",\"width\":1080,\"height\":1080},{\"@type\":\"BreadcrumbList\",\"@id\":\"https:\/\/eurotech.ar\/herramientas\/producto\/pistola-soldadora-paragolpes-plasticos-70w\/#breadcrumb\",\"itemListElement\":[{\"@type\":\"ListItem\",\"position\":1,\"name\":\"Portada\",\"item\":\"https:\/\/eurotech.ar\/herramientas\/\"},{\"@type\":\"ListItem\",\"position\":2,\"name\":\"new shop page\",\"item\":\"https:\/\/eurotech.ar\/herramientas\/?page_id=6998\"},{\"@type\":\"ListItem\",\"position\":3,\"name\":\"Pistola soldadora paragolpes pl\u00e1sticos &#8211; 70w\"}]},{\"@type\":\"WebSite\",\"@id\":\"https:\/\/eurotech.ar\/herramientas\/#website\",\"url\":\"https:\/\/eurotech.ar\/herramientas\/\",\"name\":\"Eurotech Herramientas Argentina\",\"description\":\"Eurotech Herramientas AR\",\"potentialAction\":[{\"@type\":\"SearchAction\",\"target\":{\"@type\":\"EntryPoint\",\"urlTemplate\":\"https:\/\/eurotech.ar\/herramientas\/?s={search_term_string}\"},\"query-input\":{\"@type\":\"PropertyValueSpecification\",\"valueRequired\":true,\"valueName\":\"search_term_string\"}}],\"inLanguage\":\"es\"}]}<\/script>\n<!-- \/ Yoast SEO plugin. -->","yoast_head_json":{"title":"Pistola soldadora paragolpes pl\u00e1sticos - 70w - Eurotech Herramientas Argentina","robots":{"index":"index","follow":"follow","max-snippet":"max-snippet:-1","max-image-preview":"max-image-preview:large","max-video-preview":"max-video-preview:-1"},"canonical":"https:\/\/eurotech.ar\/herramientas\/producto\/pistola-soldadora-paragolpes-plasticos-70w\/","og_locale":"es_ES","og_type":"article","og_title":"Pistola soldadora paragolpes pl\u00e1sticos - 70w - Eurotech Herramientas Argentina","og_description":"Kit pistola soldadora el\u00e9ctrica para pl\u00e1sticos - Ideal para soldar paragolpes, tableros, portal\u00e1mparas, radiador, spoiler, manijas y otros dispositivos de pl\u00e1stico en autom\u00f3viles y motocicletas - Calentamiento r\u00e1pido en 3 segundos - Mango ergon\u00f3mico con empu\u00f1adura de seguridad - Luz LED integrada, facilita el trabajo en lugares confinados - Voltaje: 220 V - Potencia de salida: 70 W - Voltaje de salida: 0-5 V - Corriente de salida: 0-20A Incluye: - 1 pistola soldadora - 1 pinza alicate - 1 trincheta - 50 grampas rectas - 50 grampas de esquina exterior - 50 grampas de esquina interior - 50 grampas Wave - Valija organizadora","og_url":"https:\/\/eurotech.ar\/herramientas\/producto\/pistola-soldadora-paragolpes-plasticos-70w\/","og_site_name":"Eurotech Herramientas Argentina","article_modified_time":"2025-07-03T12:08:23+00:00","og_image":[{"width":1080,"height":1080,"url":"https:\/\/eurotech.ar\/herramientas\/wp-content\/uploads\/2025\/03\/6184-1.jpg","type":"image\/jpeg"}],"twitter_card":"summary_large_image","twitter_misc":{"Tiempo de lectura":"1 minuto"},"schema":{"@context":"https:\/\/schema.org","@graph":[{"@type":"WebPage","@id":"https:\/\/eurotech.ar\/herramientas\/producto\/pistola-soldadora-paragolpes-plasticos-70w\/","url":"https:\/\/eurotech.ar\/herramientas\/producto\/pistola-soldadora-paragolpes-plasticos-70w\/","name":"Pistola soldadora paragolpes pl\u00e1sticos - 70w - Eurotech Herramientas Argentina","isPartOf":{"@id":"https:\/\/eurotech.ar\/herramientas\/#website"},"primaryImageOfPage":{"@id":"https:\/\/eurotech.ar\/herramientas\/producto\/pistola-soldadora-paragolpes-plasticos-70w\/#primaryimage"},"image":{"@id":"https:\/\/eurotech.ar\/herramientas\/producto\/pistola-soldadora-paragolpes-plasticos-70w\/#primaryimage"},"thumbnailUrl":"https:\/\/eurotech.ar\/herramientas\/wp-content\/uploads\/2025\/03\/6184-1.jpg","datePublished":"2025-04-27T20:50:36+00:00","dateModified":"2025-07-03T12:08:23+00:00","breadcrumb":{"@id":"https:\/\/eurotech.ar\/herramientas\/producto\/pistola-soldadora-paragolpes-plasticos-70w\/#breadcrumb"},"inLanguage":"es","potentialAction":[{"@type":"ReadAction","target":["https:\/\/eurotech.ar\/herramientas\/producto\/pistola-soldadora-paragolpes-plasticos-70w\/"]}]},{"@type":"ImageObject","inLanguage":"es","@id":"https:\/\/eurotech.ar\/herramientas\/producto\/pistola-soldadora-paragolpes-plasticos-70w\/#primaryimage","url":"https:\/\/eurotech.ar\/herramientas\/wp-content\/uploads\/2025\/03\/6184-1.jpg","contentUrl":"https:\/\/eurotech.ar\/herramientas\/wp-content\/uploads\/2025\/03\/6184-1.jpg","width":1080,"height":1080},{"@type":"BreadcrumbList","@id":"https:\/\/eurotech.ar\/herramientas\/producto\/pistola-soldadora-paragolpes-plasticos-70w\/#breadcrumb","itemListElement":[{"@type":"ListItem","position":1,"name":"Portada","item":"https:\/\/eurotech.ar\/herramientas\/"},{"@type":"ListItem","position":2,"name":"new shop page","item":"https:\/\/eurotech.ar\/herramientas\/?page_id=6998"},{"@type":"ListItem","position":3,"name":"Pistola soldadora paragolpes pl\u00e1sticos &#8211; 70w"}]},{"@type":"WebSite","@id":"https:\/\/eurotech.ar\/herramientas\/#website","url":"https:\/\/eurotech.ar\/herramientas\/","name":"Eurotech Herramientas Argentina","description":"Eurotech Herramientas AR","potentialAction":[{"@type":"SearchAction","target":{"@type":"EntryPoint","urlTemplate":"https:\/\/eurotech.ar\/herramientas\/?s={search_term_string}"},"query-input":{"@type":"PropertyValueSpecification","valueRequired":true,"valueName":"search_term_string"}}],"inLanguage":"es"}]}},"_links":{"self":[{"href":"https:\/\/eurotech.ar\/herramientas\/wp-json\/wp\/v2\/product\/12152","targetHints":{"allow":["GET"]}}],"collection":[{"href":"https:\/\/eurotech.ar\/herramientas\/wp-json\/wp\/v2\/product"}],"about":[{"href":"https:\/\/eurotech.ar\/herramientas\/wp-json\/wp\/v2\/types\/product"}],"wp:featuredmedia":[{"embeddable":true,"href":"https:\/\/eurotech.ar\/herramientas\/wp-json\/wp\/v2\/media\/11013"}],"wp:attachment":[{"href":"https:\/\/eurotech.ar\/herramientas\/wp-json\/wp\/v2\/media?parent=12152"}],"wp:term":[{"taxonomy":"product_brand","embeddable":true,"href":"https:\/\/eurotech.ar\/herramientas\/wp-json\/wp\/v2\/product_brand?post=12152"},{"taxonomy":"product_cat","embeddable":true,"href":"https:\/\/eurotech.ar\/herramientas\/wp-json\/wp\/v2\/product_cat?post=12152"},{"taxonomy":"product_tag","embeddable":true,"href":"https:\/\/eurotech.ar\/herramientas\/wp-json\/wp\/v2\/product_tag?post=12152"}],"curies":[{"name":"wp","href":"https:\/\/api.w.org\/{rel}","templated":true}]}}