{"id":12655,"date":"2025-06-27T15:36:00","date_gmt":"2025-06-27T18:36:00","guid":{"rendered":"https:\/\/eurotech.ar\/herramientas\/?post_type=product&#038;p=12655"},"modified":"2025-09-25T16:13:55","modified_gmt":"2025-09-25T19:13:55","slug":"expansor-hidraulico-cano-de-escape-3-pcs","status":"publish","type":"product","link":"https:\/\/eurotech.ar\/herramientas\/producto\/expansor-hidraulico-cano-de-escape-3-pcs\/","title":{"rendered":"Expansor hidr\u00e1ulico ca\u00f1o de escape &#8211; 3 pcs."},"content":{"rendered":"","protected":false},"excerpt":{"rendered":"<p><span data-sheets-root=\"1\">Juego de 3 expansores hidraulicos, dise\u00f1ados para m\u00faltiples aplicacones en ca\u00f1os de escape automotor<br \/>\n&#8211; Ensanchar de forma homogenea el tubo de escape y corregir abolladuras en el mismo<br \/>\n&#8211; Ajustar piezas de escape nuevas a piezas viejas gradualmente<br \/>\n&#8211; Son aptos para la eliminaci\u00f3n de fugas y defectos<br \/>\nIncluye:<br \/>\n&#8211; 1 expansor peque\u00f1o: 29 &#8211; 44 mm<br \/>\n&#8211; 1 expansor mediano: 38 &#8211; 64 mm<br \/>\n&#8211; 1 expansor grande: 54 &#8211; 89 mm<br \/>\n&#8211; 6 o-rings<\/span><\/p>\n","protected":false},"featured_media":12505,"template":"","meta":[],"product_brand":[],"product_cat":[431],"product_tag":[],"class_list":{"0":"post-12655","1":"product","2":"type-product","3":"status-publish","4":"has-post-thumbnail","6":"product_cat-herramientas-especiales","8":"first","9":"instock","10":"shipping-taxable","11":"product-type-simple"},"yoast_head":"<!-- This site is optimized with the Yoast SEO plugin v25.3 - https:\/\/yoast.com\/wordpress\/plugins\/seo\/ -->\n<title>Expansor hidr\u00e1ulico ca\u00f1o de escape - 3 pcs. - Eurotech Herramientas Argentina<\/title>\n<meta name=\"robots\" content=\"index, follow, max-snippet:-1, max-image-preview:large, max-video-preview:-1\" \/>\n<link rel=\"canonical\" href=\"https:\/\/eurotech.ar\/herramientas\/producto\/expansor-hidraulico-cano-de-escape-3-pcs\/\" \/>\n<meta property=\"og:locale\" content=\"es_ES\" \/>\n<meta property=\"og:type\" content=\"article\" \/>\n<meta property=\"og:title\" content=\"Expansor hidr\u00e1ulico ca\u00f1o de escape - 3 pcs. - Eurotech Herramientas Argentina\" \/>\n<meta property=\"og:description\" content=\"Juego de 3 expansores hidraulicos, dise\u00f1ados para m\u00faltiples aplicacones en ca\u00f1os de escape automotor - Ensanchar de forma homogenea el tubo de escape y corregir abolladuras en el mismo - Ajustar piezas de escape nuevas a piezas viejas gradualmente - Son aptos para la eliminaci\u00f3n de fugas y defectos Incluye: - 1 expansor peque\u00f1o: 29 - 44 mm - 1 expansor mediano: 38 - 64 mm - 1 expansor grande: 54 - 89 mm - 6 o-rings\" \/>\n<meta property=\"og:url\" content=\"https:\/\/eurotech.ar\/herramientas\/producto\/expansor-hidraulico-cano-de-escape-3-pcs\/\" \/>\n<meta property=\"og:site_name\" content=\"Eurotech Herramientas Argentina\" \/>\n<meta property=\"article:modified_time\" content=\"2025-09-25T19:13:55+00:00\" \/>\n<meta property=\"og:image\" content=\"https:\/\/eurotech.ar\/herramientas\/wp-content\/uploads\/2025\/06\/6746-3.jpg\" \/>\n\t<meta property=\"og:image:width\" content=\"1080\" \/>\n\t<meta property=\"og:image:height\" content=\"1080\" \/>\n\t<meta property=\"og:image:type\" content=\"image\/jpeg\" \/>\n<meta name=\"twitter:card\" content=\"summary_large_image\" \/>\n<meta name=\"twitter:label1\" content=\"Tiempo de lectura\" \/>\n\t<meta name=\"twitter:data1\" content=\"1 minuto\" \/>\n<script type=\"application\/ld+json\" class=\"yoast-schema-graph\">{\"@context\":\"https:\/\/schema.org\",\"@graph\":[{\"@type\":\"WebPage\",\"@id\":\"https:\/\/eurotech.ar\/herramientas\/producto\/expansor-hidraulico-cano-de-escape-3-pcs\/\",\"url\":\"https:\/\/eurotech.ar\/herramientas\/producto\/expansor-hidraulico-cano-de-escape-3-pcs\/\",\"name\":\"Expansor hidr\u00e1ulico ca\u00f1o de escape - 3 pcs. - Eurotech Herramientas Argentina\",\"isPartOf\":{\"@id\":\"https:\/\/eurotech.ar\/herramientas\/#website\"},\"primaryImageOfPage\":{\"@id\":\"https:\/\/eurotech.ar\/herramientas\/producto\/expansor-hidraulico-cano-de-escape-3-pcs\/#primaryimage\"},\"image\":{\"@id\":\"https:\/\/eurotech.ar\/herramientas\/producto\/expansor-hidraulico-cano-de-escape-3-pcs\/#primaryimage\"},\"thumbnailUrl\":\"https:\/\/eurotech.ar\/herramientas\/wp-content\/uploads\/2025\/06\/6746-3.jpg\",\"datePublished\":\"2025-06-27T18:36:00+00:00\",\"dateModified\":\"2025-09-25T19:13:55+00:00\",\"breadcrumb\":{\"@id\":\"https:\/\/eurotech.ar\/herramientas\/producto\/expansor-hidraulico-cano-de-escape-3-pcs\/#breadcrumb\"},\"inLanguage\":\"es\",\"potentialAction\":[{\"@type\":\"ReadAction\",\"target\":[\"https:\/\/eurotech.ar\/herramientas\/producto\/expansor-hidraulico-cano-de-escape-3-pcs\/\"]}]},{\"@type\":\"ImageObject\",\"inLanguage\":\"es\",\"@id\":\"https:\/\/eurotech.ar\/herramientas\/producto\/expansor-hidraulico-cano-de-escape-3-pcs\/#primaryimage\",\"url\":\"https:\/\/eurotech.ar\/herramientas\/wp-content\/uploads\/2025\/06\/6746-3.jpg\",\"contentUrl\":\"https:\/\/eurotech.ar\/herramientas\/wp-content\/uploads\/2025\/06\/6746-3.jpg\",\"width\":1080,\"height\":1080},{\"@type\":\"BreadcrumbList\",\"@id\":\"https:\/\/eurotech.ar\/herramientas\/producto\/expansor-hidraulico-cano-de-escape-3-pcs\/#breadcrumb\",\"itemListElement\":[{\"@type\":\"ListItem\",\"position\":1,\"name\":\"Portada\",\"item\":\"https:\/\/eurotech.ar\/herramientas\/\"},{\"@type\":\"ListItem\",\"position\":2,\"name\":\"new shop page\",\"item\":\"https:\/\/eurotech.ar\/herramientas\/?page_id=6998\"},{\"@type\":\"ListItem\",\"position\":3,\"name\":\"Expansor hidr\u00e1ulico ca\u00f1o de escape &#8211; 3 pcs.\"}]},{\"@type\":\"WebSite\",\"@id\":\"https:\/\/eurotech.ar\/herramientas\/#website\",\"url\":\"https:\/\/eurotech.ar\/herramientas\/\",\"name\":\"Eurotech Herramientas Argentina\",\"description\":\"Eurotech Herramientas AR\",\"potentialAction\":[{\"@type\":\"SearchAction\",\"target\":{\"@type\":\"EntryPoint\",\"urlTemplate\":\"https:\/\/eurotech.ar\/herramientas\/?s={search_term_string}\"},\"query-input\":{\"@type\":\"PropertyValueSpecification\",\"valueRequired\":true,\"valueName\":\"search_term_string\"}}],\"inLanguage\":\"es\"}]}<\/script>\n<!-- \/ Yoast SEO plugin. -->","yoast_head_json":{"title":"Expansor hidr\u00e1ulico ca\u00f1o de escape - 3 pcs. - Eurotech Herramientas Argentina","robots":{"index":"index","follow":"follow","max-snippet":"max-snippet:-1","max-image-preview":"max-image-preview:large","max-video-preview":"max-video-preview:-1"},"canonical":"https:\/\/eurotech.ar\/herramientas\/producto\/expansor-hidraulico-cano-de-escape-3-pcs\/","og_locale":"es_ES","og_type":"article","og_title":"Expansor hidr\u00e1ulico ca\u00f1o de escape - 3 pcs. - Eurotech Herramientas Argentina","og_description":"Juego de 3 expansores hidraulicos, dise\u00f1ados para m\u00faltiples aplicacones en ca\u00f1os de escape automotor - Ensanchar de forma homogenea el tubo de escape y corregir abolladuras en el mismo - Ajustar piezas de escape nuevas a piezas viejas gradualmente - Son aptos para la eliminaci\u00f3n de fugas y defectos Incluye: - 1 expansor peque\u00f1o: 29 - 44 mm - 1 expansor mediano: 38 - 64 mm - 1 expansor grande: 54 - 89 mm - 6 o-rings","og_url":"https:\/\/eurotech.ar\/herramientas\/producto\/expansor-hidraulico-cano-de-escape-3-pcs\/","og_site_name":"Eurotech Herramientas Argentina","article_modified_time":"2025-09-25T19:13:55+00:00","og_image":[{"width":1080,"height":1080,"url":"https:\/\/eurotech.ar\/herramientas\/wp-content\/uploads\/2025\/06\/6746-3.jpg","type":"image\/jpeg"}],"twitter_card":"summary_large_image","twitter_misc":{"Tiempo de lectura":"1 minuto"},"schema":{"@context":"https:\/\/schema.org","@graph":[{"@type":"WebPage","@id":"https:\/\/eurotech.ar\/herramientas\/producto\/expansor-hidraulico-cano-de-escape-3-pcs\/","url":"https:\/\/eurotech.ar\/herramientas\/producto\/expansor-hidraulico-cano-de-escape-3-pcs\/","name":"Expansor hidr\u00e1ulico ca\u00f1o de escape - 3 pcs. - Eurotech Herramientas Argentina","isPartOf":{"@id":"https:\/\/eurotech.ar\/herramientas\/#website"},"primaryImageOfPage":{"@id":"https:\/\/eurotech.ar\/herramientas\/producto\/expansor-hidraulico-cano-de-escape-3-pcs\/#primaryimage"},"image":{"@id":"https:\/\/eurotech.ar\/herramientas\/producto\/expansor-hidraulico-cano-de-escape-3-pcs\/#primaryimage"},"thumbnailUrl":"https:\/\/eurotech.ar\/herramientas\/wp-content\/uploads\/2025\/06\/6746-3.jpg","datePublished":"2025-06-27T18:36:00+00:00","dateModified":"2025-09-25T19:13:55+00:00","breadcrumb":{"@id":"https:\/\/eurotech.ar\/herramientas\/producto\/expansor-hidraulico-cano-de-escape-3-pcs\/#breadcrumb"},"inLanguage":"es","potentialAction":[{"@type":"ReadAction","target":["https:\/\/eurotech.ar\/herramientas\/producto\/expansor-hidraulico-cano-de-escape-3-pcs\/"]}]},{"@type":"ImageObject","inLanguage":"es","@id":"https:\/\/eurotech.ar\/herramientas\/producto\/expansor-hidraulico-cano-de-escape-3-pcs\/#primaryimage","url":"https:\/\/eurotech.ar\/herramientas\/wp-content\/uploads\/2025\/06\/6746-3.jpg","contentUrl":"https:\/\/eurotech.ar\/herramientas\/wp-content\/uploads\/2025\/06\/6746-3.jpg","width":1080,"height":1080},{"@type":"BreadcrumbList","@id":"https:\/\/eurotech.ar\/herramientas\/producto\/expansor-hidraulico-cano-de-escape-3-pcs\/#breadcrumb","itemListElement":[{"@type":"ListItem","position":1,"name":"Portada","item":"https:\/\/eurotech.ar\/herramientas\/"},{"@type":"ListItem","position":2,"name":"new shop page","item":"https:\/\/eurotech.ar\/herramientas\/?page_id=6998"},{"@type":"ListItem","position":3,"name":"Expansor hidr\u00e1ulico ca\u00f1o de escape &#8211; 3 pcs."}]},{"@type":"WebSite","@id":"https:\/\/eurotech.ar\/herramientas\/#website","url":"https:\/\/eurotech.ar\/herramientas\/","name":"Eurotech Herramientas Argentina","description":"Eurotech Herramientas AR","potentialAction":[{"@type":"SearchAction","target":{"@type":"EntryPoint","urlTemplate":"https:\/\/eurotech.ar\/herramientas\/?s={search_term_string}"},"query-input":{"@type":"PropertyValueSpecification","valueRequired":true,"valueName":"search_term_string"}}],"inLanguage":"es"}]}},"_links":{"self":[{"href":"https:\/\/eurotech.ar\/herramientas\/wp-json\/wp\/v2\/product\/12655","targetHints":{"allow":["GET"]}}],"collection":[{"href":"https:\/\/eurotech.ar\/herramientas\/wp-json\/wp\/v2\/product"}],"about":[{"href":"https:\/\/eurotech.ar\/herramientas\/wp-json\/wp\/v2\/types\/product"}],"wp:featuredmedia":[{"embeddable":true,"href":"https:\/\/eurotech.ar\/herramientas\/wp-json\/wp\/v2\/media\/12505"}],"wp:attachment":[{"href":"https:\/\/eurotech.ar\/herramientas\/wp-json\/wp\/v2\/media?parent=12655"}],"wp:term":[{"taxonomy":"product_brand","embeddable":true,"href":"https:\/\/eurotech.ar\/herramientas\/wp-json\/wp\/v2\/product_brand?post=12655"},{"taxonomy":"product_cat","embeddable":true,"href":"https:\/\/eurotech.ar\/herramientas\/wp-json\/wp\/v2\/product_cat?post=12655"},{"taxonomy":"product_tag","embeddable":true,"href":"https:\/\/eurotech.ar\/herramientas\/wp-json\/wp\/v2\/product_tag?post=12655"}],"curies":[{"name":"wp","href":"https:\/\/api.w.org\/{rel}","templated":true}]}}