{"id":13054,"date":"2025-09-25T15:37:49","date_gmt":"2025-09-25T18:37:49","guid":{"rendered":"https:\/\/eurotech.ar\/herramientas\/?post_type=product&#038;p=13054"},"modified":"2026-01-07T16:17:12","modified_gmt":"2026-01-07T19:17:12","slug":"bomba-neumatica-manual-de-succion-y-llenado-para-aceite-y-fluidos","status":"publish","type":"product","link":"https:\/\/eurotech.ar\/herramientas\/producto\/bomba-neumatica-manual-de-succion-y-llenado-para-aceite-y-fluidos\/","title":{"rendered":"Bomba neum\u00e1tica\/manual de succi\u00f3n y llenado &#8211; Para aceite y fluidos"},"content":{"rendered":"","protected":false},"excerpt":{"rendered":"<p><span data-sheets-root=\"1\">Extractor de fluidos neum\u00e1tico y manual con un dise\u00f1o f\u00e1cil de operar (no requiere equipo adicional)<br \/>\n&#8211; Capacidad: 6.5 litros<br \/>\n&#8211; Incluye 4 tubos de 5 \/ 6 \/ 8 \/ 10 mm, dise\u00f1ados para llegar al fondo del c\u00e1rter de aceite<br \/>\nSirve para:<br \/>\n&#8211; Extraer aceite de motor<br \/>\n&#8211; Bombear l\u00edquido de transmisi\u00f3n<br \/>\n&#8211; Cambiar aceite de engranajes<br \/>\n&#8211; Drenar refrigerante<br \/>\n&#8211; Extraer l\u00edquido de direcci\u00f3n asistida<\/span><\/p>\n","protected":false},"featured_media":13021,"template":"","meta":[],"product_brand":[],"product_cat":[438],"product_tag":[],"class_list":{"0":"post-13054","1":"product","2":"type-product","3":"status-publish","4":"has-post-thumbnail","6":"product_cat-liquidos-trasvase","8":"first","9":"instock","10":"shipping-taxable","11":"product-type-simple"},"yoast_head":"<!-- This site is optimized with the Yoast SEO plugin v25.3 - https:\/\/yoast.com\/wordpress\/plugins\/seo\/ -->\n<title>Bomba neum\u00e1tica\/manual de succi\u00f3n y llenado - Para aceite y fluidos - Eurotech Herramientas Argentina<\/title>\n<meta name=\"robots\" content=\"index, follow, max-snippet:-1, max-image-preview:large, max-video-preview:-1\" \/>\n<link rel=\"canonical\" href=\"https:\/\/eurotech.ar\/herramientas\/producto\/bomba-neumatica-manual-de-succion-y-llenado-para-aceite-y-fluidos\/\" \/>\n<meta property=\"og:locale\" content=\"es_ES\" \/>\n<meta property=\"og:type\" content=\"article\" \/>\n<meta property=\"og:title\" content=\"Bomba neum\u00e1tica\/manual de succi\u00f3n y llenado - Para aceite y fluidos - Eurotech Herramientas Argentina\" \/>\n<meta property=\"og:description\" content=\"Extractor de fluidos neum\u00e1tico y manual con un dise\u00f1o f\u00e1cil de operar (no requiere equipo adicional) - Capacidad: 6.5 litros - Incluye 4 tubos de 5 \/ 6 \/ 8 \/ 10 mm, dise\u00f1ados para llegar al fondo del c\u00e1rter de aceite Sirve para: - Extraer aceite de motor - Bombear l\u00edquido de transmisi\u00f3n - Cambiar aceite de engranajes - Drenar refrigerante - Extraer l\u00edquido de direcci\u00f3n asistida\" \/>\n<meta property=\"og:url\" content=\"https:\/\/eurotech.ar\/herramientas\/producto\/bomba-neumatica-manual-de-succion-y-llenado-para-aceite-y-fluidos\/\" \/>\n<meta property=\"og:site_name\" content=\"Eurotech Herramientas Argentina\" \/>\n<meta property=\"article:modified_time\" content=\"2026-01-07T19:17:12+00:00\" \/>\n<meta property=\"og:image\" content=\"https:\/\/eurotech.ar\/herramientas\/wp-content\/uploads\/2025\/09\/6874-portada.jpg\" \/>\n\t<meta property=\"og:image:width\" content=\"1080\" \/>\n\t<meta property=\"og:image:height\" content=\"1080\" \/>\n\t<meta property=\"og:image:type\" content=\"image\/jpeg\" \/>\n<meta name=\"twitter:card\" content=\"summary_large_image\" \/>\n<meta name=\"twitter:label1\" content=\"Tiempo de lectura\" \/>\n\t<meta name=\"twitter:data1\" content=\"1 minuto\" \/>\n<script type=\"application\/ld+json\" class=\"yoast-schema-graph\">{\"@context\":\"https:\/\/schema.org\",\"@graph\":[{\"@type\":\"WebPage\",\"@id\":\"https:\/\/eurotech.ar\/herramientas\/producto\/bomba-neumatica-manual-de-succion-y-llenado-para-aceite-y-fluidos\/\",\"url\":\"https:\/\/eurotech.ar\/herramientas\/producto\/bomba-neumatica-manual-de-succion-y-llenado-para-aceite-y-fluidos\/\",\"name\":\"Bomba neum\u00e1tica\/manual de succi\u00f3n y llenado - Para aceite y fluidos - Eurotech Herramientas Argentina\",\"isPartOf\":{\"@id\":\"https:\/\/eurotech.ar\/herramientas\/#website\"},\"primaryImageOfPage\":{\"@id\":\"https:\/\/eurotech.ar\/herramientas\/producto\/bomba-neumatica-manual-de-succion-y-llenado-para-aceite-y-fluidos\/#primaryimage\"},\"image\":{\"@id\":\"https:\/\/eurotech.ar\/herramientas\/producto\/bomba-neumatica-manual-de-succion-y-llenado-para-aceite-y-fluidos\/#primaryimage\"},\"thumbnailUrl\":\"https:\/\/eurotech.ar\/herramientas\/wp-content\/uploads\/2025\/09\/6874-portada.jpg\",\"datePublished\":\"2025-09-25T18:37:49+00:00\",\"dateModified\":\"2026-01-07T19:17:12+00:00\",\"breadcrumb\":{\"@id\":\"https:\/\/eurotech.ar\/herramientas\/producto\/bomba-neumatica-manual-de-succion-y-llenado-para-aceite-y-fluidos\/#breadcrumb\"},\"inLanguage\":\"es\",\"potentialAction\":[{\"@type\":\"ReadAction\",\"target\":[\"https:\/\/eurotech.ar\/herramientas\/producto\/bomba-neumatica-manual-de-succion-y-llenado-para-aceite-y-fluidos\/\"]}]},{\"@type\":\"ImageObject\",\"inLanguage\":\"es\",\"@id\":\"https:\/\/eurotech.ar\/herramientas\/producto\/bomba-neumatica-manual-de-succion-y-llenado-para-aceite-y-fluidos\/#primaryimage\",\"url\":\"https:\/\/eurotech.ar\/herramientas\/wp-content\/uploads\/2025\/09\/6874-portada.jpg\",\"contentUrl\":\"https:\/\/eurotech.ar\/herramientas\/wp-content\/uploads\/2025\/09\/6874-portada.jpg\",\"width\":1080,\"height\":1080},{\"@type\":\"BreadcrumbList\",\"@id\":\"https:\/\/eurotech.ar\/herramientas\/producto\/bomba-neumatica-manual-de-succion-y-llenado-para-aceite-y-fluidos\/#breadcrumb\",\"itemListElement\":[{\"@type\":\"ListItem\",\"position\":1,\"name\":\"Portada\",\"item\":\"https:\/\/eurotech.ar\/herramientas\/\"},{\"@type\":\"ListItem\",\"position\":2,\"name\":\"new shop page\",\"item\":\"https:\/\/eurotech.ar\/herramientas\/?page_id=6998\"},{\"@type\":\"ListItem\",\"position\":3,\"name\":\"Bomba neum\u00e1tica\/manual de succi\u00f3n y llenado &#8211; Para aceite y fluidos\"}]},{\"@type\":\"WebSite\",\"@id\":\"https:\/\/eurotech.ar\/herramientas\/#website\",\"url\":\"https:\/\/eurotech.ar\/herramientas\/\",\"name\":\"Eurotech Herramientas Argentina\",\"description\":\"Eurotech Herramientas AR\",\"potentialAction\":[{\"@type\":\"SearchAction\",\"target\":{\"@type\":\"EntryPoint\",\"urlTemplate\":\"https:\/\/eurotech.ar\/herramientas\/?s={search_term_string}\"},\"query-input\":{\"@type\":\"PropertyValueSpecification\",\"valueRequired\":true,\"valueName\":\"search_term_string\"}}],\"inLanguage\":\"es\"}]}<\/script>\n<!-- \/ Yoast SEO plugin. -->","yoast_head_json":{"title":"Bomba neum\u00e1tica\/manual de succi\u00f3n y llenado - Para aceite y fluidos - Eurotech Herramientas Argentina","robots":{"index":"index","follow":"follow","max-snippet":"max-snippet:-1","max-image-preview":"max-image-preview:large","max-video-preview":"max-video-preview:-1"},"canonical":"https:\/\/eurotech.ar\/herramientas\/producto\/bomba-neumatica-manual-de-succion-y-llenado-para-aceite-y-fluidos\/","og_locale":"es_ES","og_type":"article","og_title":"Bomba neum\u00e1tica\/manual de succi\u00f3n y llenado - Para aceite y fluidos - Eurotech Herramientas Argentina","og_description":"Extractor de fluidos neum\u00e1tico y manual con un dise\u00f1o f\u00e1cil de operar (no requiere equipo adicional) - Capacidad: 6.5 litros - Incluye 4 tubos de 5 \/ 6 \/ 8 \/ 10 mm, dise\u00f1ados para llegar al fondo del c\u00e1rter de aceite Sirve para: - Extraer aceite de motor - Bombear l\u00edquido de transmisi\u00f3n - Cambiar aceite de engranajes - Drenar refrigerante - Extraer l\u00edquido de direcci\u00f3n asistida","og_url":"https:\/\/eurotech.ar\/herramientas\/producto\/bomba-neumatica-manual-de-succion-y-llenado-para-aceite-y-fluidos\/","og_site_name":"Eurotech Herramientas Argentina","article_modified_time":"2026-01-07T19:17:12+00:00","og_image":[{"width":1080,"height":1080,"url":"https:\/\/eurotech.ar\/herramientas\/wp-content\/uploads\/2025\/09\/6874-portada.jpg","type":"image\/jpeg"}],"twitter_card":"summary_large_image","twitter_misc":{"Tiempo de lectura":"1 minuto"},"schema":{"@context":"https:\/\/schema.org","@graph":[{"@type":"WebPage","@id":"https:\/\/eurotech.ar\/herramientas\/producto\/bomba-neumatica-manual-de-succion-y-llenado-para-aceite-y-fluidos\/","url":"https:\/\/eurotech.ar\/herramientas\/producto\/bomba-neumatica-manual-de-succion-y-llenado-para-aceite-y-fluidos\/","name":"Bomba neum\u00e1tica\/manual de succi\u00f3n y llenado - Para aceite y fluidos - Eurotech Herramientas Argentina","isPartOf":{"@id":"https:\/\/eurotech.ar\/herramientas\/#website"},"primaryImageOfPage":{"@id":"https:\/\/eurotech.ar\/herramientas\/producto\/bomba-neumatica-manual-de-succion-y-llenado-para-aceite-y-fluidos\/#primaryimage"},"image":{"@id":"https:\/\/eurotech.ar\/herramientas\/producto\/bomba-neumatica-manual-de-succion-y-llenado-para-aceite-y-fluidos\/#primaryimage"},"thumbnailUrl":"https:\/\/eurotech.ar\/herramientas\/wp-content\/uploads\/2025\/09\/6874-portada.jpg","datePublished":"2025-09-25T18:37:49+00:00","dateModified":"2026-01-07T19:17:12+00:00","breadcrumb":{"@id":"https:\/\/eurotech.ar\/herramientas\/producto\/bomba-neumatica-manual-de-succion-y-llenado-para-aceite-y-fluidos\/#breadcrumb"},"inLanguage":"es","potentialAction":[{"@type":"ReadAction","target":["https:\/\/eurotech.ar\/herramientas\/producto\/bomba-neumatica-manual-de-succion-y-llenado-para-aceite-y-fluidos\/"]}]},{"@type":"ImageObject","inLanguage":"es","@id":"https:\/\/eurotech.ar\/herramientas\/producto\/bomba-neumatica-manual-de-succion-y-llenado-para-aceite-y-fluidos\/#primaryimage","url":"https:\/\/eurotech.ar\/herramientas\/wp-content\/uploads\/2025\/09\/6874-portada.jpg","contentUrl":"https:\/\/eurotech.ar\/herramientas\/wp-content\/uploads\/2025\/09\/6874-portada.jpg","width":1080,"height":1080},{"@type":"BreadcrumbList","@id":"https:\/\/eurotech.ar\/herramientas\/producto\/bomba-neumatica-manual-de-succion-y-llenado-para-aceite-y-fluidos\/#breadcrumb","itemListElement":[{"@type":"ListItem","position":1,"name":"Portada","item":"https:\/\/eurotech.ar\/herramientas\/"},{"@type":"ListItem","position":2,"name":"new shop page","item":"https:\/\/eurotech.ar\/herramientas\/?page_id=6998"},{"@type":"ListItem","position":3,"name":"Bomba neum\u00e1tica\/manual de succi\u00f3n y llenado &#8211; Para aceite y fluidos"}]},{"@type":"WebSite","@id":"https:\/\/eurotech.ar\/herramientas\/#website","url":"https:\/\/eurotech.ar\/herramientas\/","name":"Eurotech Herramientas Argentina","description":"Eurotech Herramientas AR","potentialAction":[{"@type":"SearchAction","target":{"@type":"EntryPoint","urlTemplate":"https:\/\/eurotech.ar\/herramientas\/?s={search_term_string}"},"query-input":{"@type":"PropertyValueSpecification","valueRequired":true,"valueName":"search_term_string"}}],"inLanguage":"es"}]}},"_links":{"self":[{"href":"https:\/\/eurotech.ar\/herramientas\/wp-json\/wp\/v2\/product\/13054","targetHints":{"allow":["GET"]}}],"collection":[{"href":"https:\/\/eurotech.ar\/herramientas\/wp-json\/wp\/v2\/product"}],"about":[{"href":"https:\/\/eurotech.ar\/herramientas\/wp-json\/wp\/v2\/types\/product"}],"wp:featuredmedia":[{"embeddable":true,"href":"https:\/\/eurotech.ar\/herramientas\/wp-json\/wp\/v2\/media\/13021"}],"wp:attachment":[{"href":"https:\/\/eurotech.ar\/herramientas\/wp-json\/wp\/v2\/media?parent=13054"}],"wp:term":[{"taxonomy":"product_brand","embeddable":true,"href":"https:\/\/eurotech.ar\/herramientas\/wp-json\/wp\/v2\/product_brand?post=13054"},{"taxonomy":"product_cat","embeddable":true,"href":"https:\/\/eurotech.ar\/herramientas\/wp-json\/wp\/v2\/product_cat?post=13054"},{"taxonomy":"product_tag","embeddable":true,"href":"https:\/\/eurotech.ar\/herramientas\/wp-json\/wp\/v2\/product_tag?post=13054"}],"curies":[{"name":"wp","href":"https:\/\/api.w.org\/{rel}","templated":true}]}}