{"id":13056,"date":"2025-09-25T15:38:11","date_gmt":"2025-09-25T18:38:11","guid":{"rendered":"https:\/\/eurotech.ar\/herramientas\/?post_type=product&#038;p=13056"},"modified":"2026-01-07T16:17:12","modified_gmt":"2026-01-07T19:17:12","slug":"bomba-extractora-cambio-de-aceite-dc-12v-80w","status":"publish","type":"product","link":"https:\/\/eurotech.ar\/herramientas\/producto\/bomba-extractora-cambio-de-aceite-dc-12v-80w\/","title":{"rendered":"Bomba extractora cambio de aceite &#8211; DC 12v \/ 80W"},"content":{"rendered":"","protected":false},"excerpt":{"rendered":"<p><span data-sheets-root=\"1\">Extractor universal de aceite y otros l\u00edquidos<br \/>\n&#8211; Alimentanci\u00f3n: 12V (bater\u00eda de auto)<br \/>\n&#8211; Fuerza: 60W<br \/>\n&#8211; Manguera de succi\u00f3n: 120 x 6 x 4 mm<br \/>\n&#8211; Manguera de descarga: 150 x 12 x 10 mm<br \/>\n&#8211; Caudal: 0.8-1.0 litros por minuto<br \/>\n&#8211; Conexi\u00f3n 1\/2&#8243;<br \/>\n&#8211; Motor constante y silencioso<br \/>\n&#8211; Tama\u00f1o compacto: 13 x 8 x 8.5 cm<\/p>\n<p>Instalaci\u00f3n y uso:<br \/>\n&#8211; Conecta las mangueras de entrada y salida a la bomba.<br \/>\n&#8211; Une el clip rojo al polo positivo de la bater\u00eda del auto y el negro al negativo.<br \/>\n&#8211; Para que la bomba funcione, sujeta el clip conductor y presiona el bot\u00f3n.<\/p>\n<p>Gu\u00eda y precauciones<br \/>\n&#8211; Antes de usar: calentar el aceite del motor a 40\u00b0C-60\u00b0C (104\u00b0F-140\u00b0F), luego apagar el motor<\/p>\n<p>**PRECAUCI\u00d3N: no usar para gasolina, agua, aceite de caja de cambios o l\u00edquidos inflamables. Presiona el bot\u00f3n solo despu\u00e9s de haber instalado todas las conexiones de forma segura**<\/span><\/p>\n","protected":false},"featured_media":13037,"template":"","meta":[],"product_brand":[],"product_cat":[438],"product_tag":[],"class_list":{"0":"post-13056","1":"product","2":"type-product","3":"status-publish","4":"has-post-thumbnail","6":"product_cat-liquidos-trasvase","8":"first","9":"instock","10":"shipping-taxable","11":"product-type-simple"},"yoast_head":"<!-- This site is optimized with the Yoast SEO plugin v25.3 - https:\/\/yoast.com\/wordpress\/plugins\/seo\/ -->\n<title>Bomba extractora cambio de aceite - DC 12v \/ 80W - Eurotech Herramientas Argentina<\/title>\n<meta name=\"robots\" content=\"index, follow, max-snippet:-1, max-image-preview:large, max-video-preview:-1\" \/>\n<link rel=\"canonical\" href=\"https:\/\/eurotech.ar\/herramientas\/producto\/bomba-extractora-cambio-de-aceite-dc-12v-80w\/\" \/>\n<meta property=\"og:locale\" content=\"es_ES\" \/>\n<meta property=\"og:type\" content=\"article\" \/>\n<meta property=\"og:title\" content=\"Bomba extractora cambio de aceite - DC 12v \/ 80W - Eurotech Herramientas Argentina\" \/>\n<meta property=\"og:description\" content=\"Extractor universal de aceite y otros l\u00edquidos - Alimentanci\u00f3n: 12V (bater\u00eda de auto) - Fuerza: 60W - Manguera de succi\u00f3n: 120 x 6 x 4 mm - Manguera de descarga: 150 x 12 x 10 mm - Caudal: 0.8-1.0 litros por minuto - Conexi\u00f3n 1\/2&quot; - Motor constante y silencioso - Tama\u00f1o compacto: 13 x 8 x 8.5 cm  Instalaci\u00f3n y uso: - Conecta las mangueras de entrada y salida a la bomba. - Une el clip rojo al polo positivo de la bater\u00eda del auto y el negro al negativo. - Para que la bomba funcione, sujeta el clip conductor y presiona el bot\u00f3n.  Gu\u00eda y precauciones - Antes de usar: calentar el aceite del motor a 40\u00b0C-60\u00b0C (104\u00b0F-140\u00b0F), luego apagar el motor  **PRECAUCI\u00d3N: no usar para gasolina, agua, aceite de caja de cambios o l\u00edquidos inflamables. Presiona el bot\u00f3n solo despu\u00e9s de haber instalado todas las conexiones de forma segura**\" \/>\n<meta property=\"og:url\" content=\"https:\/\/eurotech.ar\/herramientas\/producto\/bomba-extractora-cambio-de-aceite-dc-12v-80w\/\" \/>\n<meta property=\"og:site_name\" content=\"Eurotech Herramientas Argentina\" \/>\n<meta property=\"article:modified_time\" content=\"2026-01-07T19:17:12+00:00\" \/>\n<meta property=\"og:image\" content=\"https:\/\/eurotech.ar\/herramientas\/wp-content\/uploads\/2025\/09\/6941v-2.jpg\" \/>\n\t<meta property=\"og:image:width\" content=\"1080\" \/>\n\t<meta property=\"og:image:height\" content=\"1080\" \/>\n\t<meta property=\"og:image:type\" content=\"image\/jpeg\" \/>\n<meta name=\"twitter:card\" content=\"summary_large_image\" \/>\n<meta name=\"twitter:label1\" content=\"Tiempo de lectura\" \/>\n\t<meta name=\"twitter:data1\" content=\"1 minuto\" \/>\n<script type=\"application\/ld+json\" class=\"yoast-schema-graph\">{\"@context\":\"https:\/\/schema.org\",\"@graph\":[{\"@type\":\"WebPage\",\"@id\":\"https:\/\/eurotech.ar\/herramientas\/producto\/bomba-extractora-cambio-de-aceite-dc-12v-80w\/\",\"url\":\"https:\/\/eurotech.ar\/herramientas\/producto\/bomba-extractora-cambio-de-aceite-dc-12v-80w\/\",\"name\":\"Bomba extractora cambio de aceite - DC 12v \/ 80W - Eurotech Herramientas Argentina\",\"isPartOf\":{\"@id\":\"https:\/\/eurotech.ar\/herramientas\/#website\"},\"primaryImageOfPage\":{\"@id\":\"https:\/\/eurotech.ar\/herramientas\/producto\/bomba-extractora-cambio-de-aceite-dc-12v-80w\/#primaryimage\"},\"image\":{\"@id\":\"https:\/\/eurotech.ar\/herramientas\/producto\/bomba-extractora-cambio-de-aceite-dc-12v-80w\/#primaryimage\"},\"thumbnailUrl\":\"https:\/\/eurotech.ar\/herramientas\/wp-content\/uploads\/2025\/09\/6941v-2.jpg\",\"datePublished\":\"2025-09-25T18:38:11+00:00\",\"dateModified\":\"2026-01-07T19:17:12+00:00\",\"breadcrumb\":{\"@id\":\"https:\/\/eurotech.ar\/herramientas\/producto\/bomba-extractora-cambio-de-aceite-dc-12v-80w\/#breadcrumb\"},\"inLanguage\":\"es\",\"potentialAction\":[{\"@type\":\"ReadAction\",\"target\":[\"https:\/\/eurotech.ar\/herramientas\/producto\/bomba-extractora-cambio-de-aceite-dc-12v-80w\/\"]}]},{\"@type\":\"ImageObject\",\"inLanguage\":\"es\",\"@id\":\"https:\/\/eurotech.ar\/herramientas\/producto\/bomba-extractora-cambio-de-aceite-dc-12v-80w\/#primaryimage\",\"url\":\"https:\/\/eurotech.ar\/herramientas\/wp-content\/uploads\/2025\/09\/6941v-2.jpg\",\"contentUrl\":\"https:\/\/eurotech.ar\/herramientas\/wp-content\/uploads\/2025\/09\/6941v-2.jpg\",\"width\":1080,\"height\":1080},{\"@type\":\"BreadcrumbList\",\"@id\":\"https:\/\/eurotech.ar\/herramientas\/producto\/bomba-extractora-cambio-de-aceite-dc-12v-80w\/#breadcrumb\",\"itemListElement\":[{\"@type\":\"ListItem\",\"position\":1,\"name\":\"Portada\",\"item\":\"https:\/\/eurotech.ar\/herramientas\/\"},{\"@type\":\"ListItem\",\"position\":2,\"name\":\"new shop page\",\"item\":\"https:\/\/eurotech.ar\/herramientas\/?page_id=6998\"},{\"@type\":\"ListItem\",\"position\":3,\"name\":\"Bomba extractora cambio de aceite &#8211; DC 12v \/ 80W\"}]},{\"@type\":\"WebSite\",\"@id\":\"https:\/\/eurotech.ar\/herramientas\/#website\",\"url\":\"https:\/\/eurotech.ar\/herramientas\/\",\"name\":\"Eurotech Herramientas Argentina\",\"description\":\"Eurotech Herramientas AR\",\"potentialAction\":[{\"@type\":\"SearchAction\",\"target\":{\"@type\":\"EntryPoint\",\"urlTemplate\":\"https:\/\/eurotech.ar\/herramientas\/?s={search_term_string}\"},\"query-input\":{\"@type\":\"PropertyValueSpecification\",\"valueRequired\":true,\"valueName\":\"search_term_string\"}}],\"inLanguage\":\"es\"}]}<\/script>\n<!-- \/ Yoast SEO plugin. -->","yoast_head_json":{"title":"Bomba extractora cambio de aceite - DC 12v \/ 80W - Eurotech Herramientas Argentina","robots":{"index":"index","follow":"follow","max-snippet":"max-snippet:-1","max-image-preview":"max-image-preview:large","max-video-preview":"max-video-preview:-1"},"canonical":"https:\/\/eurotech.ar\/herramientas\/producto\/bomba-extractora-cambio-de-aceite-dc-12v-80w\/","og_locale":"es_ES","og_type":"article","og_title":"Bomba extractora cambio de aceite - DC 12v \/ 80W - Eurotech Herramientas Argentina","og_description":"Extractor universal de aceite y otros l\u00edquidos - Alimentanci\u00f3n: 12V (bater\u00eda de auto) - Fuerza: 60W - Manguera de succi\u00f3n: 120 x 6 x 4 mm - Manguera de descarga: 150 x 12 x 10 mm - Caudal: 0.8-1.0 litros por minuto - Conexi\u00f3n 1\/2\" - Motor constante y silencioso - Tama\u00f1o compacto: 13 x 8 x 8.5 cm  Instalaci\u00f3n y uso: - Conecta las mangueras de entrada y salida a la bomba. - Une el clip rojo al polo positivo de la bater\u00eda del auto y el negro al negativo. - Para que la bomba funcione, sujeta el clip conductor y presiona el bot\u00f3n.  Gu\u00eda y precauciones - Antes de usar: calentar el aceite del motor a 40\u00b0C-60\u00b0C (104\u00b0F-140\u00b0F), luego apagar el motor  **PRECAUCI\u00d3N: no usar para gasolina, agua, aceite de caja de cambios o l\u00edquidos inflamables. Presiona el bot\u00f3n solo despu\u00e9s de haber instalado todas las conexiones de forma segura**","og_url":"https:\/\/eurotech.ar\/herramientas\/producto\/bomba-extractora-cambio-de-aceite-dc-12v-80w\/","og_site_name":"Eurotech Herramientas Argentina","article_modified_time":"2026-01-07T19:17:12+00:00","og_image":[{"width":1080,"height":1080,"url":"https:\/\/eurotech.ar\/herramientas\/wp-content\/uploads\/2025\/09\/6941v-2.jpg","type":"image\/jpeg"}],"twitter_card":"summary_large_image","twitter_misc":{"Tiempo de lectura":"1 minuto"},"schema":{"@context":"https:\/\/schema.org","@graph":[{"@type":"WebPage","@id":"https:\/\/eurotech.ar\/herramientas\/producto\/bomba-extractora-cambio-de-aceite-dc-12v-80w\/","url":"https:\/\/eurotech.ar\/herramientas\/producto\/bomba-extractora-cambio-de-aceite-dc-12v-80w\/","name":"Bomba extractora cambio de aceite - DC 12v \/ 80W - Eurotech Herramientas Argentina","isPartOf":{"@id":"https:\/\/eurotech.ar\/herramientas\/#website"},"primaryImageOfPage":{"@id":"https:\/\/eurotech.ar\/herramientas\/producto\/bomba-extractora-cambio-de-aceite-dc-12v-80w\/#primaryimage"},"image":{"@id":"https:\/\/eurotech.ar\/herramientas\/producto\/bomba-extractora-cambio-de-aceite-dc-12v-80w\/#primaryimage"},"thumbnailUrl":"https:\/\/eurotech.ar\/herramientas\/wp-content\/uploads\/2025\/09\/6941v-2.jpg","datePublished":"2025-09-25T18:38:11+00:00","dateModified":"2026-01-07T19:17:12+00:00","breadcrumb":{"@id":"https:\/\/eurotech.ar\/herramientas\/producto\/bomba-extractora-cambio-de-aceite-dc-12v-80w\/#breadcrumb"},"inLanguage":"es","potentialAction":[{"@type":"ReadAction","target":["https:\/\/eurotech.ar\/herramientas\/producto\/bomba-extractora-cambio-de-aceite-dc-12v-80w\/"]}]},{"@type":"ImageObject","inLanguage":"es","@id":"https:\/\/eurotech.ar\/herramientas\/producto\/bomba-extractora-cambio-de-aceite-dc-12v-80w\/#primaryimage","url":"https:\/\/eurotech.ar\/herramientas\/wp-content\/uploads\/2025\/09\/6941v-2.jpg","contentUrl":"https:\/\/eurotech.ar\/herramientas\/wp-content\/uploads\/2025\/09\/6941v-2.jpg","width":1080,"height":1080},{"@type":"BreadcrumbList","@id":"https:\/\/eurotech.ar\/herramientas\/producto\/bomba-extractora-cambio-de-aceite-dc-12v-80w\/#breadcrumb","itemListElement":[{"@type":"ListItem","position":1,"name":"Portada","item":"https:\/\/eurotech.ar\/herramientas\/"},{"@type":"ListItem","position":2,"name":"new shop page","item":"https:\/\/eurotech.ar\/herramientas\/?page_id=6998"},{"@type":"ListItem","position":3,"name":"Bomba extractora cambio de aceite &#8211; DC 12v \/ 80W"}]},{"@type":"WebSite","@id":"https:\/\/eurotech.ar\/herramientas\/#website","url":"https:\/\/eurotech.ar\/herramientas\/","name":"Eurotech Herramientas Argentina","description":"Eurotech Herramientas AR","potentialAction":[{"@type":"SearchAction","target":{"@type":"EntryPoint","urlTemplate":"https:\/\/eurotech.ar\/herramientas\/?s={search_term_string}"},"query-input":{"@type":"PropertyValueSpecification","valueRequired":true,"valueName":"search_term_string"}}],"inLanguage":"es"}]}},"_links":{"self":[{"href":"https:\/\/eurotech.ar\/herramientas\/wp-json\/wp\/v2\/product\/13056","targetHints":{"allow":["GET"]}}],"collection":[{"href":"https:\/\/eurotech.ar\/herramientas\/wp-json\/wp\/v2\/product"}],"about":[{"href":"https:\/\/eurotech.ar\/herramientas\/wp-json\/wp\/v2\/types\/product"}],"wp:featuredmedia":[{"embeddable":true,"href":"https:\/\/eurotech.ar\/herramientas\/wp-json\/wp\/v2\/media\/13037"}],"wp:attachment":[{"href":"https:\/\/eurotech.ar\/herramientas\/wp-json\/wp\/v2\/media?parent=13056"}],"wp:term":[{"taxonomy":"product_brand","embeddable":true,"href":"https:\/\/eurotech.ar\/herramientas\/wp-json\/wp\/v2\/product_brand?post=13056"},{"taxonomy":"product_cat","embeddable":true,"href":"https:\/\/eurotech.ar\/herramientas\/wp-json\/wp\/v2\/product_cat?post=13056"},{"taxonomy":"product_tag","embeddable":true,"href":"https:\/\/eurotech.ar\/herramientas\/wp-json\/wp\/v2\/product_tag?post=13056"}],"curies":[{"name":"wp","href":"https:\/\/api.w.org\/{rel}","templated":true}]}}