{"id":13183,"date":"2026-01-08T11:06:19","date_gmt":"2026-01-08T14:06:19","guid":{"rendered":"https:\/\/eurotech.ar\/herramientas\/?post_type=product&#038;p=13183"},"modified":"2026-01-08T11:08:35","modified_gmt":"2026-01-08T14:08:35","slug":"cilindro-hidraulico-telescopico-50-toneladas","status":"publish","type":"product","link":"https:\/\/eurotech.ar\/herramientas\/producto\/cilindro-hidraulico-telescopico-50-toneladas\/","title":{"rendered":"Cilindro hidr\u00e1ulico telesc\u00f3pico &#8211; 50 toneladas"},"content":{"rendered":"","protected":false},"excerpt":{"rendered":"<p><span data-sheets-root=\"1\">&#8211; Recorrido: 65 mm (23 + 22 + 20 mm)<br \/>\n&#8211; Altura cerrado: 71 mm<br \/>\n&#8211; Di\u00e1metro exterior: 131 x 155 mm<br \/>\n&#8211; Tama\u00f1o pist\u00f3n: 30 mm \/ 52 mm \/ 81 mm<br \/>\n&#8211; Peso: 9 Kg<\/span><\/p>\n","protected":false},"featured_media":13123,"template":"","meta":[],"product_brand":[],"product_cat":[431],"product_tag":[],"class_list":{"0":"post-13183","1":"product","2":"type-product","3":"status-publish","4":"has-post-thumbnail","6":"product_cat-herramientas-especiales","8":"first","9":"instock","10":"featured","11":"shipping-taxable","12":"product-type-simple"},"yoast_head":"<!-- This site is optimized with the Yoast SEO plugin v25.3 - https:\/\/yoast.com\/wordpress\/plugins\/seo\/ -->\n<title>Cilindro hidr\u00e1ulico telesc\u00f3pico - 50 toneladas - Eurotech Herramientas Argentina<\/title>\n<meta name=\"robots\" content=\"index, follow, max-snippet:-1, max-image-preview:large, max-video-preview:-1\" \/>\n<link rel=\"canonical\" href=\"https:\/\/eurotech.ar\/herramientas\/producto\/cilindro-hidraulico-telescopico-50-toneladas\/\" \/>\n<meta property=\"og:locale\" content=\"es_ES\" \/>\n<meta property=\"og:type\" content=\"article\" \/>\n<meta property=\"og:title\" content=\"Cilindro hidr\u00e1ulico telesc\u00f3pico - 50 toneladas - Eurotech Herramientas Argentina\" \/>\n<meta property=\"og:description\" content=\"- Recorrido: 65 mm (23 + 22 + 20 mm) - Altura cerrado: 71 mm - Di\u00e1metro exterior: 131 x 155 mm - Tama\u00f1o pist\u00f3n: 30 mm \/ 52 mm \/ 81 mm - Peso: 9 Kg\" \/>\n<meta property=\"og:url\" content=\"https:\/\/eurotech.ar\/herramientas\/producto\/cilindro-hidraulico-telescopico-50-toneladas\/\" \/>\n<meta property=\"og:site_name\" content=\"Eurotech Herramientas Argentina\" \/>\n<meta property=\"article:modified_time\" content=\"2026-01-08T14:08:35+00:00\" \/>\n<meta property=\"og:image\" content=\"https:\/\/eurotech.ar\/herramientas\/wp-content\/uploads\/2026\/01\/5752-2.jpg\" \/>\n\t<meta property=\"og:image:width\" content=\"1080\" \/>\n\t<meta property=\"og:image:height\" content=\"1080\" \/>\n\t<meta property=\"og:image:type\" content=\"image\/jpeg\" \/>\n<meta name=\"twitter:card\" content=\"summary_large_image\" \/>\n<meta name=\"twitter:label1\" content=\"Tiempo de lectura\" \/>\n\t<meta name=\"twitter:data1\" content=\"1 minuto\" \/>\n<script type=\"application\/ld+json\" class=\"yoast-schema-graph\">{\"@context\":\"https:\/\/schema.org\",\"@graph\":[{\"@type\":\"WebPage\",\"@id\":\"https:\/\/eurotech.ar\/herramientas\/producto\/cilindro-hidraulico-telescopico-50-toneladas\/\",\"url\":\"https:\/\/eurotech.ar\/herramientas\/producto\/cilindro-hidraulico-telescopico-50-toneladas\/\",\"name\":\"Cilindro hidr\u00e1ulico telesc\u00f3pico - 50 toneladas - Eurotech Herramientas Argentina\",\"isPartOf\":{\"@id\":\"https:\/\/eurotech.ar\/herramientas\/#website\"},\"primaryImageOfPage\":{\"@id\":\"https:\/\/eurotech.ar\/herramientas\/producto\/cilindro-hidraulico-telescopico-50-toneladas\/#primaryimage\"},\"image\":{\"@id\":\"https:\/\/eurotech.ar\/herramientas\/producto\/cilindro-hidraulico-telescopico-50-toneladas\/#primaryimage\"},\"thumbnailUrl\":\"https:\/\/eurotech.ar\/herramientas\/wp-content\/uploads\/2026\/01\/5752-2.jpg\",\"datePublished\":\"2026-01-08T14:06:19+00:00\",\"dateModified\":\"2026-01-08T14:08:35+00:00\",\"breadcrumb\":{\"@id\":\"https:\/\/eurotech.ar\/herramientas\/producto\/cilindro-hidraulico-telescopico-50-toneladas\/#breadcrumb\"},\"inLanguage\":\"es\",\"potentialAction\":[{\"@type\":\"ReadAction\",\"target\":[\"https:\/\/eurotech.ar\/herramientas\/producto\/cilindro-hidraulico-telescopico-50-toneladas\/\"]}]},{\"@type\":\"ImageObject\",\"inLanguage\":\"es\",\"@id\":\"https:\/\/eurotech.ar\/herramientas\/producto\/cilindro-hidraulico-telescopico-50-toneladas\/#primaryimage\",\"url\":\"https:\/\/eurotech.ar\/herramientas\/wp-content\/uploads\/2026\/01\/5752-2.jpg\",\"contentUrl\":\"https:\/\/eurotech.ar\/herramientas\/wp-content\/uploads\/2026\/01\/5752-2.jpg\",\"width\":1080,\"height\":1080},{\"@type\":\"BreadcrumbList\",\"@id\":\"https:\/\/eurotech.ar\/herramientas\/producto\/cilindro-hidraulico-telescopico-50-toneladas\/#breadcrumb\",\"itemListElement\":[{\"@type\":\"ListItem\",\"position\":1,\"name\":\"Portada\",\"item\":\"https:\/\/eurotech.ar\/herramientas\/\"},{\"@type\":\"ListItem\",\"position\":2,\"name\":\"new shop page\",\"item\":\"https:\/\/eurotech.ar\/herramientas\/?page_id=6998\"},{\"@type\":\"ListItem\",\"position\":3,\"name\":\"Cilindro hidr\u00e1ulico telesc\u00f3pico &#8211; 50 toneladas\"}]},{\"@type\":\"WebSite\",\"@id\":\"https:\/\/eurotech.ar\/herramientas\/#website\",\"url\":\"https:\/\/eurotech.ar\/herramientas\/\",\"name\":\"Eurotech Herramientas Argentina\",\"description\":\"Eurotech Herramientas AR\",\"potentialAction\":[{\"@type\":\"SearchAction\",\"target\":{\"@type\":\"EntryPoint\",\"urlTemplate\":\"https:\/\/eurotech.ar\/herramientas\/?s={search_term_string}\"},\"query-input\":{\"@type\":\"PropertyValueSpecification\",\"valueRequired\":true,\"valueName\":\"search_term_string\"}}],\"inLanguage\":\"es\"}]}<\/script>\n<!-- \/ Yoast SEO plugin. -->","yoast_head_json":{"title":"Cilindro hidr\u00e1ulico telesc\u00f3pico - 50 toneladas - Eurotech Herramientas Argentina","robots":{"index":"index","follow":"follow","max-snippet":"max-snippet:-1","max-image-preview":"max-image-preview:large","max-video-preview":"max-video-preview:-1"},"canonical":"https:\/\/eurotech.ar\/herramientas\/producto\/cilindro-hidraulico-telescopico-50-toneladas\/","og_locale":"es_ES","og_type":"article","og_title":"Cilindro hidr\u00e1ulico telesc\u00f3pico - 50 toneladas - Eurotech Herramientas Argentina","og_description":"- Recorrido: 65 mm (23 + 22 + 20 mm) - Altura cerrado: 71 mm - Di\u00e1metro exterior: 131 x 155 mm - Tama\u00f1o pist\u00f3n: 30 mm \/ 52 mm \/ 81 mm - Peso: 9 Kg","og_url":"https:\/\/eurotech.ar\/herramientas\/producto\/cilindro-hidraulico-telescopico-50-toneladas\/","og_site_name":"Eurotech Herramientas Argentina","article_modified_time":"2026-01-08T14:08:35+00:00","og_image":[{"width":1080,"height":1080,"url":"https:\/\/eurotech.ar\/herramientas\/wp-content\/uploads\/2026\/01\/5752-2.jpg","type":"image\/jpeg"}],"twitter_card":"summary_large_image","twitter_misc":{"Tiempo de lectura":"1 minuto"},"schema":{"@context":"https:\/\/schema.org","@graph":[{"@type":"WebPage","@id":"https:\/\/eurotech.ar\/herramientas\/producto\/cilindro-hidraulico-telescopico-50-toneladas\/","url":"https:\/\/eurotech.ar\/herramientas\/producto\/cilindro-hidraulico-telescopico-50-toneladas\/","name":"Cilindro hidr\u00e1ulico telesc\u00f3pico - 50 toneladas - Eurotech Herramientas Argentina","isPartOf":{"@id":"https:\/\/eurotech.ar\/herramientas\/#website"},"primaryImageOfPage":{"@id":"https:\/\/eurotech.ar\/herramientas\/producto\/cilindro-hidraulico-telescopico-50-toneladas\/#primaryimage"},"image":{"@id":"https:\/\/eurotech.ar\/herramientas\/producto\/cilindro-hidraulico-telescopico-50-toneladas\/#primaryimage"},"thumbnailUrl":"https:\/\/eurotech.ar\/herramientas\/wp-content\/uploads\/2026\/01\/5752-2.jpg","datePublished":"2026-01-08T14:06:19+00:00","dateModified":"2026-01-08T14:08:35+00:00","breadcrumb":{"@id":"https:\/\/eurotech.ar\/herramientas\/producto\/cilindro-hidraulico-telescopico-50-toneladas\/#breadcrumb"},"inLanguage":"es","potentialAction":[{"@type":"ReadAction","target":["https:\/\/eurotech.ar\/herramientas\/producto\/cilindro-hidraulico-telescopico-50-toneladas\/"]}]},{"@type":"ImageObject","inLanguage":"es","@id":"https:\/\/eurotech.ar\/herramientas\/producto\/cilindro-hidraulico-telescopico-50-toneladas\/#primaryimage","url":"https:\/\/eurotech.ar\/herramientas\/wp-content\/uploads\/2026\/01\/5752-2.jpg","contentUrl":"https:\/\/eurotech.ar\/herramientas\/wp-content\/uploads\/2026\/01\/5752-2.jpg","width":1080,"height":1080},{"@type":"BreadcrumbList","@id":"https:\/\/eurotech.ar\/herramientas\/producto\/cilindro-hidraulico-telescopico-50-toneladas\/#breadcrumb","itemListElement":[{"@type":"ListItem","position":1,"name":"Portada","item":"https:\/\/eurotech.ar\/herramientas\/"},{"@type":"ListItem","position":2,"name":"new shop page","item":"https:\/\/eurotech.ar\/herramientas\/?page_id=6998"},{"@type":"ListItem","position":3,"name":"Cilindro hidr\u00e1ulico telesc\u00f3pico &#8211; 50 toneladas"}]},{"@type":"WebSite","@id":"https:\/\/eurotech.ar\/herramientas\/#website","url":"https:\/\/eurotech.ar\/herramientas\/","name":"Eurotech Herramientas Argentina","description":"Eurotech Herramientas AR","potentialAction":[{"@type":"SearchAction","target":{"@type":"EntryPoint","urlTemplate":"https:\/\/eurotech.ar\/herramientas\/?s={search_term_string}"},"query-input":{"@type":"PropertyValueSpecification","valueRequired":true,"valueName":"search_term_string"}}],"inLanguage":"es"}]}},"_links":{"self":[{"href":"https:\/\/eurotech.ar\/herramientas\/wp-json\/wp\/v2\/product\/13183","targetHints":{"allow":["GET"]}}],"collection":[{"href":"https:\/\/eurotech.ar\/herramientas\/wp-json\/wp\/v2\/product"}],"about":[{"href":"https:\/\/eurotech.ar\/herramientas\/wp-json\/wp\/v2\/types\/product"}],"wp:featuredmedia":[{"embeddable":true,"href":"https:\/\/eurotech.ar\/herramientas\/wp-json\/wp\/v2\/media\/13123"}],"wp:attachment":[{"href":"https:\/\/eurotech.ar\/herramientas\/wp-json\/wp\/v2\/media?parent=13183"}],"wp:term":[{"taxonomy":"product_brand","embeddable":true,"href":"https:\/\/eurotech.ar\/herramientas\/wp-json\/wp\/v2\/product_brand?post=13183"},{"taxonomy":"product_cat","embeddable":true,"href":"https:\/\/eurotech.ar\/herramientas\/wp-json\/wp\/v2\/product_cat?post=13183"},{"taxonomy":"product_tag","embeddable":true,"href":"https:\/\/eurotech.ar\/herramientas\/wp-json\/wp\/v2\/product_tag?post=13183"}],"curies":[{"name":"wp","href":"https:\/\/api.w.org\/{rel}","templated":true}]}}