{"id":13359,"date":"2026-03-26T21:56:11","date_gmt":"2026-03-27T00:56:11","guid":{"rendered":"https:\/\/eurotech.ar\/herramientas\/?post_type=product&#038;p=13359"},"modified":"2026-03-26T22:22:04","modified_gmt":"2026-03-27T01:22:04","slug":"kit-instalacion-y-desmontaje-de-transmision-dsg-7-vel-vw-audi","status":"publish","type":"product","link":"https:\/\/eurotech.ar\/herramientas\/producto\/kit-instalacion-y-desmontaje-de-transmision-dsg-7-vel-vw-audi\/","title":{"rendered":"Kit instalaci\u00f3n y desmontaje de transmisi\u00f3n DSG 7 vel. &#8211; VW \/ Audi"},"content":{"rendered":"","protected":false},"excerpt":{"rendered":"<p><span data-sheets-root=\"1\">Kit profesional dise\u00f1ado para montar, desmontar y calibrar sistemas de embrague doble en transmisiones DSG de 7 velocidades (c\u00f3digo 0AM) de la l\u00ednea Volkswagen y Audi<br \/>\nIdeal para:<br \/>\n&#8211; Instalaci\u00f3n y extracci\u00f3n de embragues en VW Golf, Golf Plus y Audi A3 (desde 2004)<br \/>\n&#8211; Mantenimiento de transmisiones de 6 velocidades (c\u00f3digo 08D) en VW Touareg<br \/>\n&#8211; Calibraci\u00f3n precisa del paquete de embrague tras el reemplazo<br \/>\n&#8211; Cualquier trabajo profesional en cajas de cambio del grupo VAG a partir de 2011 que requiera herramientas de sincronizaci\u00f3n y ajuste de alta precisi\u00f3n<\/span><\/p>\n","protected":false},"featured_media":13334,"template":"","meta":[],"product_brand":[],"product_cat":[431],"product_tag":[],"class_list":{"0":"post-13359","1":"product","2":"type-product","3":"status-publish","4":"has-post-thumbnail","6":"product_cat-herramientas-especiales","8":"first","9":"instock","10":"featured","11":"shipping-taxable","12":"product-type-simple"},"yoast_head":"<!-- This site is optimized with the Yoast SEO plugin v25.3 - https:\/\/yoast.com\/wordpress\/plugins\/seo\/ -->\n<title>Kit instalaci\u00f3n y desmontaje de transmisi\u00f3n DSG 7 vel. - VW \/ Audi - Eurotech Herramientas Argentina<\/title>\n<meta name=\"robots\" content=\"index, follow, max-snippet:-1, max-image-preview:large, max-video-preview:-1\" \/>\n<link rel=\"canonical\" href=\"https:\/\/eurotech.ar\/herramientas\/producto\/kit-instalacion-y-desmontaje-de-transmision-dsg-7-vel-vw-audi\/\" \/>\n<meta property=\"og:locale\" content=\"es_ES\" \/>\n<meta property=\"og:type\" content=\"article\" \/>\n<meta property=\"og:title\" content=\"Kit instalaci\u00f3n y desmontaje de transmisi\u00f3n DSG 7 vel. - VW \/ Audi - Eurotech Herramientas Argentina\" \/>\n<meta property=\"og:description\" content=\"Kit profesional dise\u00f1ado para montar, desmontar y calibrar sistemas de embrague doble en transmisiones DSG de 7 velocidades (c\u00f3digo 0AM) de la l\u00ednea Volkswagen y Audi Ideal para: - Instalaci\u00f3n y extracci\u00f3n de embragues en VW Golf, Golf Plus y Audi A3 (desde 2004) - Mantenimiento de transmisiones de 6 velocidades (c\u00f3digo 08D) en VW Touareg - Calibraci\u00f3n precisa del paquete de embrague tras el reemplazo - Cualquier trabajo profesional en cajas de cambio del grupo VAG a partir de 2011 que requiera herramientas de sincronizaci\u00f3n y ajuste de alta precisi\u00f3n\" \/>\n<meta property=\"og:url\" content=\"https:\/\/eurotech.ar\/herramientas\/producto\/kit-instalacion-y-desmontaje-de-transmision-dsg-7-vel-vw-audi\/\" \/>\n<meta property=\"og:site_name\" content=\"Eurotech Herramientas Argentina\" \/>\n<meta property=\"article:modified_time\" content=\"2026-03-27T01:22:04+00:00\" \/>\n<meta property=\"og:image\" content=\"https:\/\/eurotech.ar\/herramientas\/wp-content\/uploads\/2026\/03\/6883-portada.jpg\" \/>\n\t<meta property=\"og:image:width\" content=\"1080\" \/>\n\t<meta property=\"og:image:height\" content=\"1080\" \/>\n\t<meta property=\"og:image:type\" content=\"image\/jpeg\" \/>\n<meta name=\"twitter:card\" content=\"summary_large_image\" \/>\n<meta name=\"twitter:label1\" content=\"Tiempo de lectura\" \/>\n\t<meta name=\"twitter:data1\" content=\"1 minuto\" \/>\n<script type=\"application\/ld+json\" class=\"yoast-schema-graph\">{\"@context\":\"https:\/\/schema.org\",\"@graph\":[{\"@type\":\"WebPage\",\"@id\":\"https:\/\/eurotech.ar\/herramientas\/producto\/kit-instalacion-y-desmontaje-de-transmision-dsg-7-vel-vw-audi\/\",\"url\":\"https:\/\/eurotech.ar\/herramientas\/producto\/kit-instalacion-y-desmontaje-de-transmision-dsg-7-vel-vw-audi\/\",\"name\":\"Kit instalaci\u00f3n y desmontaje de transmisi\u00f3n DSG 7 vel. - VW \/ Audi - Eurotech Herramientas Argentina\",\"isPartOf\":{\"@id\":\"https:\/\/eurotech.ar\/herramientas\/#website\"},\"primaryImageOfPage\":{\"@id\":\"https:\/\/eurotech.ar\/herramientas\/producto\/kit-instalacion-y-desmontaje-de-transmision-dsg-7-vel-vw-audi\/#primaryimage\"},\"image\":{\"@id\":\"https:\/\/eurotech.ar\/herramientas\/producto\/kit-instalacion-y-desmontaje-de-transmision-dsg-7-vel-vw-audi\/#primaryimage\"},\"thumbnailUrl\":\"https:\/\/eurotech.ar\/herramientas\/wp-content\/uploads\/2026\/03\/6883-portada.jpg\",\"datePublished\":\"2026-03-27T00:56:11+00:00\",\"dateModified\":\"2026-03-27T01:22:04+00:00\",\"breadcrumb\":{\"@id\":\"https:\/\/eurotech.ar\/herramientas\/producto\/kit-instalacion-y-desmontaje-de-transmision-dsg-7-vel-vw-audi\/#breadcrumb\"},\"inLanguage\":\"es\",\"potentialAction\":[{\"@type\":\"ReadAction\",\"target\":[\"https:\/\/eurotech.ar\/herramientas\/producto\/kit-instalacion-y-desmontaje-de-transmision-dsg-7-vel-vw-audi\/\"]}]},{\"@type\":\"ImageObject\",\"inLanguage\":\"es\",\"@id\":\"https:\/\/eurotech.ar\/herramientas\/producto\/kit-instalacion-y-desmontaje-de-transmision-dsg-7-vel-vw-audi\/#primaryimage\",\"url\":\"https:\/\/eurotech.ar\/herramientas\/wp-content\/uploads\/2026\/03\/6883-portada.jpg\",\"contentUrl\":\"https:\/\/eurotech.ar\/herramientas\/wp-content\/uploads\/2026\/03\/6883-portada.jpg\",\"width\":1080,\"height\":1080},{\"@type\":\"BreadcrumbList\",\"@id\":\"https:\/\/eurotech.ar\/herramientas\/producto\/kit-instalacion-y-desmontaje-de-transmision-dsg-7-vel-vw-audi\/#breadcrumb\",\"itemListElement\":[{\"@type\":\"ListItem\",\"position\":1,\"name\":\"Portada\",\"item\":\"https:\/\/eurotech.ar\/herramientas\/\"},{\"@type\":\"ListItem\",\"position\":2,\"name\":\"new shop page\",\"item\":\"https:\/\/eurotech.ar\/herramientas\/?page_id=6998\"},{\"@type\":\"ListItem\",\"position\":3,\"name\":\"Kit instalaci\u00f3n y desmontaje de transmisi\u00f3n DSG 7 vel. &#8211; VW \/ Audi\"}]},{\"@type\":\"WebSite\",\"@id\":\"https:\/\/eurotech.ar\/herramientas\/#website\",\"url\":\"https:\/\/eurotech.ar\/herramientas\/\",\"name\":\"Eurotech Herramientas Argentina\",\"description\":\"Eurotech Herramientas AR\",\"potentialAction\":[{\"@type\":\"SearchAction\",\"target\":{\"@type\":\"EntryPoint\",\"urlTemplate\":\"https:\/\/eurotech.ar\/herramientas\/?s={search_term_string}\"},\"query-input\":{\"@type\":\"PropertyValueSpecification\",\"valueRequired\":true,\"valueName\":\"search_term_string\"}}],\"inLanguage\":\"es\"}]}<\/script>\n<!-- \/ Yoast SEO plugin. -->","yoast_head_json":{"title":"Kit instalaci\u00f3n y desmontaje de transmisi\u00f3n DSG 7 vel. - VW \/ Audi - Eurotech Herramientas Argentina","robots":{"index":"index","follow":"follow","max-snippet":"max-snippet:-1","max-image-preview":"max-image-preview:large","max-video-preview":"max-video-preview:-1"},"canonical":"https:\/\/eurotech.ar\/herramientas\/producto\/kit-instalacion-y-desmontaje-de-transmision-dsg-7-vel-vw-audi\/","og_locale":"es_ES","og_type":"article","og_title":"Kit instalaci\u00f3n y desmontaje de transmisi\u00f3n DSG 7 vel. - VW \/ Audi - Eurotech Herramientas Argentina","og_description":"Kit profesional dise\u00f1ado para montar, desmontar y calibrar sistemas de embrague doble en transmisiones DSG de 7 velocidades (c\u00f3digo 0AM) de la l\u00ednea Volkswagen y Audi Ideal para: - Instalaci\u00f3n y extracci\u00f3n de embragues en VW Golf, Golf Plus y Audi A3 (desde 2004) - Mantenimiento de transmisiones de 6 velocidades (c\u00f3digo 08D) en VW Touareg - Calibraci\u00f3n precisa del paquete de embrague tras el reemplazo - Cualquier trabajo profesional en cajas de cambio del grupo VAG a partir de 2011 que requiera herramientas de sincronizaci\u00f3n y ajuste de alta precisi\u00f3n","og_url":"https:\/\/eurotech.ar\/herramientas\/producto\/kit-instalacion-y-desmontaje-de-transmision-dsg-7-vel-vw-audi\/","og_site_name":"Eurotech Herramientas Argentina","article_modified_time":"2026-03-27T01:22:04+00:00","og_image":[{"width":1080,"height":1080,"url":"https:\/\/eurotech.ar\/herramientas\/wp-content\/uploads\/2026\/03\/6883-portada.jpg","type":"image\/jpeg"}],"twitter_card":"summary_large_image","twitter_misc":{"Tiempo de lectura":"1 minuto"},"schema":{"@context":"https:\/\/schema.org","@graph":[{"@type":"WebPage","@id":"https:\/\/eurotech.ar\/herramientas\/producto\/kit-instalacion-y-desmontaje-de-transmision-dsg-7-vel-vw-audi\/","url":"https:\/\/eurotech.ar\/herramientas\/producto\/kit-instalacion-y-desmontaje-de-transmision-dsg-7-vel-vw-audi\/","name":"Kit instalaci\u00f3n y desmontaje de transmisi\u00f3n DSG 7 vel. - VW \/ Audi - Eurotech Herramientas Argentina","isPartOf":{"@id":"https:\/\/eurotech.ar\/herramientas\/#website"},"primaryImageOfPage":{"@id":"https:\/\/eurotech.ar\/herramientas\/producto\/kit-instalacion-y-desmontaje-de-transmision-dsg-7-vel-vw-audi\/#primaryimage"},"image":{"@id":"https:\/\/eurotech.ar\/herramientas\/producto\/kit-instalacion-y-desmontaje-de-transmision-dsg-7-vel-vw-audi\/#primaryimage"},"thumbnailUrl":"https:\/\/eurotech.ar\/herramientas\/wp-content\/uploads\/2026\/03\/6883-portada.jpg","datePublished":"2026-03-27T00:56:11+00:00","dateModified":"2026-03-27T01:22:04+00:00","breadcrumb":{"@id":"https:\/\/eurotech.ar\/herramientas\/producto\/kit-instalacion-y-desmontaje-de-transmision-dsg-7-vel-vw-audi\/#breadcrumb"},"inLanguage":"es","potentialAction":[{"@type":"ReadAction","target":["https:\/\/eurotech.ar\/herramientas\/producto\/kit-instalacion-y-desmontaje-de-transmision-dsg-7-vel-vw-audi\/"]}]},{"@type":"ImageObject","inLanguage":"es","@id":"https:\/\/eurotech.ar\/herramientas\/producto\/kit-instalacion-y-desmontaje-de-transmision-dsg-7-vel-vw-audi\/#primaryimage","url":"https:\/\/eurotech.ar\/herramientas\/wp-content\/uploads\/2026\/03\/6883-portada.jpg","contentUrl":"https:\/\/eurotech.ar\/herramientas\/wp-content\/uploads\/2026\/03\/6883-portada.jpg","width":1080,"height":1080},{"@type":"BreadcrumbList","@id":"https:\/\/eurotech.ar\/herramientas\/producto\/kit-instalacion-y-desmontaje-de-transmision-dsg-7-vel-vw-audi\/#breadcrumb","itemListElement":[{"@type":"ListItem","position":1,"name":"Portada","item":"https:\/\/eurotech.ar\/herramientas\/"},{"@type":"ListItem","position":2,"name":"new shop page","item":"https:\/\/eurotech.ar\/herramientas\/?page_id=6998"},{"@type":"ListItem","position":3,"name":"Kit instalaci\u00f3n y desmontaje de transmisi\u00f3n DSG 7 vel. &#8211; VW \/ Audi"}]},{"@type":"WebSite","@id":"https:\/\/eurotech.ar\/herramientas\/#website","url":"https:\/\/eurotech.ar\/herramientas\/","name":"Eurotech Herramientas Argentina","description":"Eurotech Herramientas AR","potentialAction":[{"@type":"SearchAction","target":{"@type":"EntryPoint","urlTemplate":"https:\/\/eurotech.ar\/herramientas\/?s={search_term_string}"},"query-input":{"@type":"PropertyValueSpecification","valueRequired":true,"valueName":"search_term_string"}}],"inLanguage":"es"}]}},"_links":{"self":[{"href":"https:\/\/eurotech.ar\/herramientas\/wp-json\/wp\/v2\/product\/13359","targetHints":{"allow":["GET"]}}],"collection":[{"href":"https:\/\/eurotech.ar\/herramientas\/wp-json\/wp\/v2\/product"}],"about":[{"href":"https:\/\/eurotech.ar\/herramientas\/wp-json\/wp\/v2\/types\/product"}],"wp:featuredmedia":[{"embeddable":true,"href":"https:\/\/eurotech.ar\/herramientas\/wp-json\/wp\/v2\/media\/13334"}],"wp:attachment":[{"href":"https:\/\/eurotech.ar\/herramientas\/wp-json\/wp\/v2\/media?parent=13359"}],"wp:term":[{"taxonomy":"product_brand","embeddable":true,"href":"https:\/\/eurotech.ar\/herramientas\/wp-json\/wp\/v2\/product_brand?post=13359"},{"taxonomy":"product_cat","embeddable":true,"href":"https:\/\/eurotech.ar\/herramientas\/wp-json\/wp\/v2\/product_cat?post=13359"},{"taxonomy":"product_tag","embeddable":true,"href":"https:\/\/eurotech.ar\/herramientas\/wp-json\/wp\/v2\/product_tag?post=13359"}],"curies":[{"name":"wp","href":"https:\/\/api.w.org\/{rel}","templated":true}]}}